{"id":371,"date":"2017-11-18T00:59:29","date_gmt":"2017-11-17T23:59:29","guid":{"rendered":"http:\/\/www.bradlo.cz\/?page_id=371"},"modified":"2023-08-28T15:56:08","modified_gmt":"2023-08-28T13:56:08","slug":"pionyrske-tabory","status":"publish","type":"page","link":"https:\/\/www.bradlo.cz\/?page_id=371","title":{"rendered":"Pion\u00fdrsk\u00e9 t\u00e1bory"},"content":{"rendered":"<p style=\"text-align: justify;\"><strong><span style=\"text-decoration: underline;\">Pion\u00fdrsk\u00e9 t\u00e1bory.<\/span><\/strong><\/p>\n<p style=\"text-align: justify;\">Hlavn\u00edm pramenem n\u00e1sleduj\u00edc\u00edho textu byla diplomov\u00e1 pr\u00e1ce \u010ceskoslovensk\u00e9 odborov\u00e9 rekreace ROH v\u00a0letech 1945 a\u017e 1989, Bc. V\u011bra Kafkov\u00e1. Text jsem zkr\u00e1til a upravil.<\/p>\n<p style=\"text-align: justify;\">Pion\u00fdrsk\u00e9 t\u00e1bory vznikaly na z\u00e1klad\u011b Pion\u00fdrsk\u00e9 organizace \u010ceskoslovensk\u00e9ho svazu ml\u00e1de\u017ee, kter\u00e1 byla zalo\u017eena v roce 1949. Pion\u00fdr se stal organizac\u00ed v\u011bnuj\u00edc\u00ed se voln\u00e9mu \u010dasu d\u011bt\u00ed a ml\u00e1de\u017ee p\u0159ed rokem\u00a01989. Organizace zast\u0159e\u0161ovala voln\u00fd \u010das d\u011bt\u00ed a ml\u00e1de\u017ee, v jejich\u017e spr\u00e1vn\u00e9 v\u00fdchov\u011b m\u011bla pom\u00e1hat \u0161kol\u00e1m. Pion\u00fdr i \u0161kola m\u011bly stejn\u00fd c\u00edl, av\u0161ak Pion\u00fdr ho m\u011bl dos\u00e1hnout prost\u0159ednictv\u00edm \u201eatraktivn\u011bj\u0161\u00edch\u201c metod v podob\u011b nejr\u016fzn\u011bj\u0161\u00edch besed, liter\u00e1rn\u00edch ve\u010der\u016f, pr\u00e1zdninov\u00fdch t\u00e1bor\u016f, karneval\u016f, shrom\u00e1\u017ed\u011bn\u00ed, exkurz\u00ed atd. Vedle toho byl kladen d\u016fraz na pohybovou aktivitu d\u011bt\u00ed (t\u011blesnou v\u00fdchovu, sport a zejm\u00e9na turistiku). Pion\u00fdrsk\u00e9 t\u00e1bory, nej\u010dast\u011bj\u0161\u00ed forma letn\u00ed d\u011btsk\u00e9 rekreace, m\u011bly zaplnit voln\u00fd \u010das d\u011bt\u00ed o letn\u00edch pr\u00e1zdnin\u00e1ch. Z\u00e1jem st\u00e1tu podporovat rozvoj d\u011btsk\u00fdch t\u00e1bor\u016f se zde setk\u00e1val s nutnost\u00ed, jeliko\u017e velk\u00e1 \u010d\u00e1st rodi\u010d\u016f musela o pr\u00e1zdnin\u00e1ch pracovat, mo\u017enost poslat d\u011bti na n\u011bkolikat\u00fddenn\u00ed t\u00e1bor \u010dasto v\u00edtala.<\/p>\n<p style=\"text-align: justify;\">T\u00e1bory trvaly zpravidla 20 dn\u00ed a byly ur\u010deny zejm\u00e9na pro d\u011bti ve v\u011bku od 7 do 14 let, je\u017e se po p\u0159\u00edjezdu na m\u00edsto d\u00e1le rozd\u011blovaly do jednotliv\u00fdch v\u011bkov\u00fdch skupin. Prvn\u00ed skupinu tvo\u0159ily d\u011bti od 7 do 9 let, druhou od 9 do 11 let a posledn\u00ed d\u011bti od 11 do 14 let, p\u0159i\u010dem\u017e v t\u00e9to skupin\u011b bylo ji\u017e zaji\u0161t\u011bno odd\u011blen\u00e9 ubytov\u00e1n\u00ed pro chlapce a d\u00edvky. Aby d\u00edt\u011b mohlo jet na letn\u00ed pion\u00fdrsk\u00fd t\u00e1bor po\u0159\u00e1dan\u00fd pod hlavi\u010dkou odborov\u00e9 organizace, muselo spl\u0148ovat n\u011bkolik z\u00e1kladn\u00edch krit\u00e9ri\u00ed. V prvn\u00ed \u0159ad\u011b se vyb\u00edrali takov\u00ed \u017e\u00e1ci, kte\u0159\u00ed nem\u011bli jinou mo\u017enost zotaven\u00ed a z\u00e1rove\u0148 se tyt\u00e9\u017e pr\u00e1zdniny ne\u00fa\u010dastnili podobn\u00e9 akce. V druh\u00e9 \u0159ad\u011b se pak p\u0159ihl\u00ed\u017eelo k jejich v\u00fdsledk\u016fm a chov\u00e1n\u00ed ve \u0161kole, iniciativ\u011b v pion\u00fdrsk\u00e9 organizaci a celkov\u00e9mu zdravotn\u00edmu stavu. Kone\u010dn\u00e9 slovo m\u011bl z\u00e1vodn\u00ed v\u00fdbor, jen\u017e bral v \u00favahu rovn\u011b\u017e \u0159\u00e1dn\u00e9 \u010dlenstv\u00ed a pln\u011bn\u00ed povinnost\u00ed rodi\u010d\u016f v odborov\u00e9 organizaci. Vedle v\u00fd\u0161e zm\u00edn\u011bn\u00fdch krit\u00e9ri\u00ed existovalo je\u0161t\u011b jedno obecn\u00e9 pravidlo souvisej\u00edc\u00ed s v\u00fdb\u011brem a skladbou d\u011bt\u00ed na pion\u00fdrsk\u00fdch t\u00e1borech, kdy od roku 1955 nam\u00edsto d\u0159\u00edv\u011bj\u0161\u00edch \u0161koln\u00edch pion\u00fdrsk\u00fdch skupin jezdily d\u011bti nov\u011b na t\u00e1bory provozovan\u00e9 podnikem, u n\u011bho\u017e byl zam\u011bstn\u00e1n alespo\u0148 jeden z rodi\u010d\u016f. V praxi se tak na pion\u00fdrsk\u00fdch t\u00e1borech po\u0159\u00e1dan\u00fdch odborovou organizac\u00ed nesch\u00e1zeli p\u0159ev\u00e1\u017en\u011b spolu\u017e\u00e1ci z jedn\u00e9 \u0161koly \u010di oboru, ale d\u011bti spolupracovn\u00edk\u016f dan\u00e9ho podniku.<\/p>\n<p style=\"text-align: justify;\">P\u0159\u00edsn\u00fdm krit\u00e9ri\u00edm v\u00fdb\u011bru a p\u0159\u00edprav\u011b podl\u00e9hali i pracovn\u00edci pion\u00fdrsk\u00fdch t\u00e1bor\u016f. Hlavn\u00ed vedouc\u00ed pion\u00fdrsk\u00e9ho t\u00e1bora vyb\u00edral provozovatel t\u00e1bora, j\u00edm\u017e byl v\u011bt\u0161inou pedagogick\u00fd pracovn\u00edk s mnohaletou zku\u0161enost\u00ed z t\u00e9to funkce nebo n\u011bkolikaletou prax\u00ed odd\u00edlov\u00e9ho vedouc\u00edho. Vedle hlavn\u00edho vedouc\u00edho t\u00e1bora, jeho\u017e charakter osoby \u010dasto p\u0159edznamen\u00e1val m\u00edru ideologi\u010dnosti v t\u00e1bo\u0159e, plnili v\u00fdznamn\u00e9 funkce je\u0161t\u011b tzv. odd\u00edlov\u00ed vedouc\u00ed, jimi\u017e byli v\u011bt\u0161inou studenti \u0161kol s pedagogick\u00fdm zam\u011b\u0159en\u00edm, kte\u0159\u00ed na pion\u00fdrsk\u00e9m t\u00e1bo\u0159e vykon\u00e1vali z\u00e1rove\u0148 \u0161kolou po\u017eadovanou praxi, p\u0159i\u010dem\u017e v letech 1958 \u2013 1960 \u0161koly dokonce vy\u017eadovaly, aby si jejich studenti absolvuj\u00edc\u00ed t\u00e1borovou praxi psali na n\u00e1sleduj\u00edc\u00ed den p\u00edsemnou p\u0159\u00edpravu. M\u011bli-li z\u00e1jem o pr\u00e1ci odd\u00edlov\u00e9ho vedouc\u00edho lid\u00e9, kte\u0159\u00ed nem\u011bli s touto \u010dinnost\u00ed \u017e\u00e1dn\u00e9 zku\u0161enosti, byli za\u0159azov\u00e1ni k odd\u00edlu nejprve jako praktikanti, podobn\u011b jako ti, kte\u0159\u00ed nedos\u00e1hli v\u011bku 18\u00a0let. Ka\u017ed\u00fd vedouc\u00ed odd\u00edlu pro\u0161el jednodenn\u00ed \u010di dvoudenn\u00ed p\u0159\u00edpravou, je\u017e prob\u00edhala p\u0159ed zah\u00e1jen\u00edm t\u00e1bora a byla jeho provozovatelem zam\u011b\u0159ena na sezn\u00e1men\u00ed vedouc\u00edch s programem, materi\u00e1ln\u00edm zabezpe\u010den\u00edm t\u00e1bora, v\u011bkov\u00fdm slo\u017een\u00edm d\u011bt\u00ed \u00fa\u010dastn\u00edc\u00edch se t\u00e1bora, sezn\u00e1men\u00ed s ostatn\u00edmi pracovn\u00edky t\u00e1bora a pou\u010den\u00ed o povinnostech vedouc\u00edho odd\u00edlu.<\/p>\n<p style=\"text-align: justify;\">Pion\u00fdrsk\u00e9 t\u00e1bory byly koncipov\u00e1ny jako m\u00edsta radostn\u00e9ho oddechu i m\u00edsta pou\u010den\u00ed. Tomu byl p\u0159izp\u016fsoben jak denn\u00ed \u0159\u00e1d t\u00e1bora, tak jeho ka\u017edodenn\u00ed program. Od po\u010d\u00e1tku 60. let postupn\u011b doch\u00e1zelo ke zm\u011bn\u00e1m \u00fakol\u016f, je\u017e m\u011bl d\u011btsk\u00fd pion\u00fdrsk\u00fd t\u00e1bor plnit, s \u010d\u00edm\u017e pochopiteln\u011b souvisel jeho konkr\u00e9tn\u00ed program. Od opatrovnick\u00e9 a \u201evykrmovac\u00ed\u201c \u00falohy prvn\u00edch pion\u00fdrsk\u00fdch t\u00e1bor\u016f, po\u0159\u00e1dan\u00fdch v letech 1950\u00a0\u2013 1957, dosp\u011bl jejich programov\u00fd v\u00fdvoj a\u017e k akceptov\u00e1n\u00ed my\u0161lenky prav\u00e9ho skautsk\u00e9ho \u017eivota v p\u0159\u00edrod\u011b. Ka\u017ed\u00fd pion\u00fdrsk\u00fd t\u00e1bor musel d\u016fsledn\u011b dodr\u017eovat dan\u00fd t\u00e1borov\u00fd pl\u00e1n a harmonogram, \u010d\u00edm\u017e ka\u017edodenn\u00ed \u017eivot v t\u00e1borech ur\u010dit\u00fdm zp\u016fsobem sp\u00ed\u0161e ne\u017e chvilky volna navozoval \u0161koln\u00ed atmosf\u00e9ru. Denn\u00ed t\u00e1borov\u00e9 \u0159\u00e1dy byly pro v\u0161echny pion\u00fdrsk\u00e9 t\u00e1bory prakticky stejn\u00e9. Odli\u0161nosti mohly nastat a\u017e v konkr\u00e9tn\u00edch p\u0159\u00edstupech vedouc\u00edch a jejich schopnostech v hled\u00e1n\u00ed zaj\u00edmav\u00fdch n\u00e1m\u011bt\u016f pro \u010dinnost se sv\u00fdm odd\u00edlem, ov\u0161em v\u017edy v r\u00e1mci denn\u00edho \u0159\u00e1du t\u00e1bora. Ten byl pro cel\u00fd t\u00e1bor jednotn\u00fd: skl\u00e1dal se z bud\u00ed\u010dku, rann\u00ed hygieny, rozcvi\u010dky, sn\u00eddan\u011b, n\u00e1stupu, \u010dasu pro dopoledn\u00ed program, ob\u011bd, \u010dasu pro odpoledn\u00ed program, ve\u010de\u0159e a ve\u010derky. Sou\u010d\u00e1st\u00ed n\u00e1pln\u011b dopoledn\u00edho\/odpoledn\u00edho programu byly nejr\u016fzn\u011bj\u0161\u00ed hry, sout\u011b\u017ee, celot\u00e1borov\u00e9 akce nebo vych\u00e1zky do okol\u00ed; volba aktivit byla zcela na vedouc\u00edch, kte\u0159\u00ed se pro sv\u00e9 sv\u011b\u0159ence sna\u017eili vymyslet aktivity co nejzaj\u00edmav\u011bj\u0161\u00ed a nejz\u00e1bavn\u011bj\u0161\u00ed.<\/p>\n<p style=\"text-align: justify;\">\u201eVykrmovac\u00ed\u201c funkce t\u00e1bor\u016f, tedy snaha o to, aby d\u011bti na z\u00e1v\u011br t\u00e1bora m\u011bly ur\u010dit\u00fd p\u0159\u00edbytek na v\u00e1ze, byla podporov\u00e1na a prosazov\u00e1na zejm\u00e9na v n\u00e1vaznosti na str\u00e1d\u00e1n\u00ed a hlad spojen\u00fd s druhou sv\u011btovou v\u00e1lkou a dobou bezprost\u0159edn\u011b n\u00e1sleduj\u00edc\u00ed.<\/p>\n<p style=\"text-align: justify;\">P\u0159esto byl d\u016fraz na p\u0159\u00edrodu a s t\u00edm spojen\u00e1 zotaven\u00e1 na zdrav\u00e9m vzduchu rovn\u011b\u017e sou\u010d\u00e1st\u00ed z\u00e1kladn\u00edch aspekt\u016f pion\u00fdrsk\u00e9ho hnut\u00ed. T\u00e1borov\u00fd pl\u00e1n musel b\u00fdt p\u0159edem p\u0159ipraven\u00fd kolektivem dan\u00e9ho t\u00e1bora a n\u00e1sledn\u011b d\u00e1n ke schv\u00e1len\u00ed z\u00e1vodn\u00edmu v\u00fdboru. Tento postup m\u011bl zajistit \u201ezaji\u0161t\u011bn\u00ed v\u0161ech politick\u00fdch a materi\u00e1ln\u00edch podm\u00ednek\u201c.<\/p>\n<p style=\"text-align: justify;\">P\u0159esto\u017ee byl z\u00e1kladn\u00ed program v t\u00e1borech stejn\u00fd, postupem \u010dasu bylo mo\u017en\u00e9 naj\u00edt pion\u00fdrsk\u00e9 t\u00e1bory, kter\u00e9 se svou t\u00e9matikou od jin\u00fdch li\u0161ily, resp. zd\u016fraz\u0148ovaly ur\u010dit\u00fd konkr\u00e9tn\u00ed prvek standardn\u00edch t\u00e1borov\u00fdch prvk\u016f. Prvn\u00edm typem byly tzv. putovn\u00ed t\u00e1bory, ur\u010den\u00e9 pro d\u011bti od 11 let. U takto star\u00fdch d\u011bt\u00ed se ji\u017e p\u0159edpokl\u00e1daly jist\u00e9 zku\u0161enosti nasb\u00edran\u00e9 opakovan\u00fdmi n\u00e1v\u0161t\u011bvami t\u00e1bor\u016f \u010di turistick\u00fdch odd\u00edl\u016f. Putovn\u00ed t\u00e1bory se za\u010daly v\u00edce prosazovat zejm\u00e9na v 1. polovin\u011b 60. let a existovala i jejich odno\u017e v podob\u011b putovn\u00edch motoristick\u00fdch t\u00e1bor\u016f. D\u00e1le existovaly nap\u0159. \u201ebrann\u00e9 t\u00e1bory\u201c a rekreace na mezin\u00e1rodn\u00edch t\u00e1borech (konan\u00fdch v zahrani\u010d\u00ed), na n\u011b\u017e jezdily sp\u00ed\u0161e d\u011bti stranick\u00fdch prominent\u016f a vysok\u00fdch st\u00e1tn\u00edch funkcion\u00e1\u0159\u016f. Mezi mezin\u00e1rodn\u00edmi t\u00e1bory byl pomyslnou nejvy\u0161\u0161\u00ed \u201emetou\u201c luxusn\u011b vybaven\u00fd sov\u011btsk\u00fd t\u00e1bor v Art\u011bku na Krymu. Tento d\u011btsk\u00fd t\u00e1bor byl vybudov\u00e1n na sov\u011btsk\u00e9m poloostrov\u011b Krym v bl\u00edzkosti \u010cern\u00e9ho mo\u0159e. A\u010dkoliv v dob\u011b jeho vzniku v roce 1925 byl ur\u010den pouze pro d\u011bti posti\u017een\u00e9 tuberkul\u00f3zou, stal se z n\u011bho legend\u00e1rn\u00ed socialistick\u00fd mezin\u00e1rodn\u00ed pion\u00fdrsk\u00fd t\u00e1bor, kter\u00fd svou \u201emohutnost\u00ed\u201c p\u0159ed\u010dil v\u0161echny dosud zn\u00e1m\u00e9 d\u011btsk\u00e9 t\u00e1bory ve sv\u011bt\u011b. Jeho zakladatel\u00e9 se sna\u017eili o vybudov\u00e1n\u00ed d\u011btsk\u00e9ho t\u00e1bora, v n\u011bm\u017e se budou rekreovat zejm\u00e9na d\u011bti z politicky prov\u011b\u0159en\u00fdch rodin, p\u0159i\u010dem\u017e ro\u010dn\u011b ho nav\u0161t\u00edvilo a\u017e 27 000 d\u011bt\u00ed jak ze Sov\u011btsk\u00e9ho svazu, tak z ostatn\u00edch sp\u0159\u00e1telen\u00fdch zem\u00ed. Art\u011bk pat\u0159il k jak\u00e9si v\u00fdkladn\u00ed sk\u0159\u00edni sov\u011btsk\u00e9ho re\u017eimu a m\u011bl rovn\u011b\u017e z\u00e1sadn\u00ed v\u00fdznam pro utv\u00e1\u0159en\u00ed podoby d\u011btsk\u00fdch t\u00e1bor\u016f ve v\u0161ech st\u00e1tech socialistick\u00e9ho bloku. Obecn\u011b lze ov\u0161em \u0159\u00edci, \u017ee centr\u00e1ln\u00ed odborov\u00e9 org\u00e1ny prosazovaly sp\u00ed\u0161e z\u00e1sadu, aby d\u011bti pozn\u00e1valy zejm\u00e9na svou vlastn\u00ed zemi.<\/p>\n<p style=\"text-align: justify;\">Obecn\u011b lze \u0159\u00edci, \u017ee pion\u00fdrsk\u00fdmi t\u00e1bory od poloviny 50. let pro\u0161la podstatn\u00e1 \u010d\u00e1st d\u011btsk\u00e9 populace v \u010ceskoslovensku.<\/p>\n<p style=\"text-align: justify;\">Velkou oblibu za\u017e\u00edvaj\u00ed pion\u00fdrsk\u00e9 t\u00e1bory rovn\u011b\u017e v sou\u010dasnosti: pion\u00fdr je i dnes organizac\u00ed sna\u017e\u00edc\u00ed se nab\u00eddnout d\u011btem pr\u00e1zdninov\u00fd pobyt v p\u0159\u00edrod\u011b, le\u010d v dne\u0161n\u00ed dob\u011b po\u010d\u00edta\u010dov\u00fdch her a internetu jsou \u010dasto z t\u00e9to \u201enab\u00eddky\u201c nad\u0161en\u011bj\u0161\u00ed sp\u00ed\u0161e rodi\u010de, ne\u017e samotn\u00e9 d\u011bti.<\/p>\n<p style=\"text-align: justify;\">Konec textu z\u00a0diplomov\u00e9 pr\u00e1ce.<\/p>\n<p style=\"text-align: justify;\">V\u00a0okol\u00ed Bradla se vyskytovaly \u010dty\u0159i d\u011btsk\u00e9 t\u00e1bory:<\/p>\n<ol>\n<li style=\"text-align: justify;\">Vla\u0161tovka Transporta Chrudim na pozemc\u00edch a v\u00a0okol\u00ed Doln\u00ed pily,<\/li>\n<li style=\"text-align: justify;\">Vrchlab\u00ed uprost\u0159ed lesa za centr\u00e1lou pat\u0159\u00edc\u00ed podniku TOS Vrchlab\u00ed,<\/li>\n<li style=\"text-align: justify;\">Tesla Pardubice na pozemc\u00edch zem\u011bd\u011blc\u016f Vr\u0161ova a Bradla,<\/li>\n<li style=\"text-align: justify;\">a dal\u0161\u00ed byl za h\u0159i\u0161t\u011bm v\u00a0Horn\u00edm Bradle, ale nem\u00e1m o n\u011bm \u017e\u00e1dn\u00e9 informace.<\/li>\n<li style=\"text-align: justify;\">Zaj\u00edmav\u00e1 informace z\u00a0Pam\u011btn\u00ed knihy, kter\u00e1 se vztahuje k\u00a0rekrea\u010dn\u00edmu v\u00fdznamu Bradla:<\/li>\n<\/ol>\n<p><strong>\u201eKe konci roku 1967 je postaveno v\u00a0na\u0161\u00ed obci 125 chat a 3 pion\u00fdrsk\u00e9 t\u00e1bory.\u201c<\/strong><\/p>\n<p><a href=\"https:\/\/www.bradlo.cz\/wp-content\/uploads\/2017\/11\/Scanned-at-22.4.2017-7-07.jpg\"><img loading=\"lazy\" decoding=\"async\" class=\" size-full wp-image-389 aligncenter\" src=\"https:\/\/www.bradlo.cz\/wp-content\/uploads\/2017\/11\/Scanned-at-22.4.2017-7-07.jpg\" alt=\"scanned-at-22-4-2017-7-07\" width=\"3175\" height=\"2522\" srcset=\"https:\/\/www.bradlo.cz\/wp-content\/uploads\/2017\/11\/Scanned-at-22.4.2017-7-07.jpg 3175w, https:\/\/www.bradlo.cz\/wp-content\/uploads\/2017\/11\/Scanned-at-22.4.2017-7-07-300x238.jpg 300w, https:\/\/www.bradlo.cz\/wp-content\/uploads\/2017\/11\/Scanned-at-22.4.2017-7-07-2048x1627.jpg 2048w\" sizes=\"auto, (max-width: 3175px) 100vw, 3175px\" \/><\/a><\/p>\n\n\n<figure class=\"wp-block-image size-full is-resized\"><img loading=\"lazy\" decoding=\"async\" src=\"https:\/\/www.bradlo.cz\/wp-content\/uploads\/2023\/08\/Scan_20230826_082100-1.jpg\" alt=\"\" class=\"wp-image-1436\" style=\"width:690px;height:497px\" width=\"690\" height=\"497\" srcset=\"https:\/\/www.bradlo.cz\/wp-content\/uploads\/2023\/08\/Scan_20230826_082100-1.jpg 1776w, https:\/\/www.bradlo.cz\/wp-content\/uploads\/2023\/08\/Scan_20230826_082100-1-300x216.jpg 300w, https:\/\/www.bradlo.cz\/wp-content\/uploads\/2023\/08\/Scan_20230826_082100-1-768x553.jpg 768w, https:\/\/www.bradlo.cz\/wp-content\/uploads\/2023\/08\/Scan_20230826_082100-1-1536x1105.jpg 1536w\" sizes=\"auto, (max-width: 690px) 100vw, 690px\" \/><\/figure>\n\n\n\n<p>Pohlednice odeslan\u00e1 27. 7. 1995 &#8211; 1. rekreace na Chrudimce, na doln\u00edm splavu, 2. rekrea\u010dn\u00ed za\u0159\u00edzen\u00ed Tesla Pardubice, 3. t\u00e1bor N\u00e1stroje Vrchlab\u00ed a 4. Transporta Chrudim.<\/p>\n","protected":false},"excerpt":{"rendered":"<p>Pion\u00fdrsk\u00e9 t\u00e1bory. Hlavn\u00edm pramenem n\u00e1sleduj\u00edc\u00edho textu byla diplomov\u00e1 pr\u00e1ce \u010ceskoslovensk\u00e9 odborov\u00e9 rekreace ROH v\u00a0letech 1945 a\u017e 1989, Bc. V\u011bra Kafkov\u00e1. Text jsem zkr\u00e1til a upravil. Pion\u00fdrsk\u00e9 t\u00e1bory vznikaly na z\u00e1klad\u011b Pion\u00fdrsk\u00e9 organizace \u010ceskoslovensk\u00e9ho svazu ml\u00e1de\u017ee, kter\u00e1 byla zalo\u017eena v roce 1949. Pion\u00fdr se stal organizac\u00ed v\u011bnuj\u00edc\u00ed se voln\u00e9mu \u010dasu d\u011bt\u00ed a ml\u00e1de\u017ee p\u0159ed rokem\u00a01989. Organizace &hellip; <a href=\"https:\/\/www.bradlo.cz\/?page_id=371\" class=\"more-link\">Pokra\u010dov\u00e1n\u00ed textu <span class=\"screen-reader-text\">Pion\u00fdrsk\u00e9 t\u00e1bory<\/span><\/a><\/p>\n","protected":false},"author":2,"featured_media":0,"parent":0,"menu_order":0,"comment_status":"closed","ping_status":"closed","template":"","meta":{"footnotes":""},"class_list":["post-371","page","type-page","status-publish","hentry"],"_links":{"self":[{"href":"https:\/\/www.bradlo.cz\/index.php?rest_route=\/wp\/v2\/pages\/371","targetHints":{"allow":["GET"]}}],"collection":[{"href":"https:\/\/www.bradlo.cz\/index.php?rest_route=\/wp\/v2\/pages"}],"about":[{"href":"https:\/\/www.bradlo.cz\/index.php?rest_route=\/wp\/v2\/types\/page"}],"author":[{"embeddable":true,"href":"https:\/\/www.bradlo.cz\/index.php?rest_route=\/wp\/v2\/users\/2"}],"replies":[{"embeddable":true,"href":"https:\/\/www.bradlo.cz\/index.php?rest_route=%2Fwp%2Fv2%2Fcomments&post=371"}],"version-history":[{"count":4,"href":"https:\/\/www.bradlo.cz\/index.php?rest_route=\/wp\/v2\/pages\/371\/revisions"}],"predecessor-version":[{"id":1437,"href":"https:\/\/www.bradlo.cz\/index.php?rest_route=\/wp\/v2\/pages\/371\/revisions\/1437"}],"wp:attachment":[{"href":"https:\/\/www.bradlo.cz\/index.php?rest_route=%2Fwp%2Fv2%2Fmedia&parent=371"}],"curies":[{"name":"wp","href":"https:\/\/api.w.org\/{rel}","templated":true}]}}