{"id":1646,"date":"2025-03-23T15:28:19","date_gmt":"2025-03-23T14:28:19","guid":{"rendered":"https:\/\/www.bradlo.cz\/?page_id=1646"},"modified":"2025-03-23T15:28:20","modified_gmt":"2025-03-23T14:28:20","slug":"kino-v-dolnim-bradle","status":"publish","type":"page","link":"https:\/\/www.bradlo.cz\/?page_id=1646","title":{"rendered":"Kino v\u00a0Doln\u00edm Bradle"},"content":{"rendered":"\n<p>Prvn\u00ed informaci o biografu v&nbsp;Doln\u00edm Bradle se do\u010dteme v&nbsp;Pam\u011btn\u00ed knize. Tehdej\u0161\u00ed kronik\u00e1\u0159, m\u00edstn\u00ed ob\u010dan Eduard Rudolf, nadlesn\u00ed v.v. v&nbsp;Doln\u00edm Bradle \u010dp. 17, v&nbsp;roce 1950 uv\u00e1d\u00ed:<\/p>\n\n\n\n<p>\u201eV&nbsp;tomto roce byl v&nbsp;s\u00e1le hostince na Filousku z\u0159\u00edzen biograf n\u00e1kladem K\u010d 160&nbsp;000, kde se pravideln\u011b ka\u017edou sobotu a ned\u011bli pom\u00edtaj\u00ed filmy za \u010detn\u00e9 \u00fa\u010dasti ob\u010danstva.\u201c<\/p>\n\n\n\n<p>Kdo byl prvn\u00edm vedouc\u00edm kina nev\u00edm, ale v&nbsp;roce 1953 se do Bradla p\u0159ist\u011bhovala rodina B\u0159ezinova a v&nbsp;tomto roce nebo o n\u011bco pozd\u011bji se za\u010dal o kino starat pan Ji\u0159\u00ed B\u0159ezina a\u017e do roku 1972. Po panu B\u0159ezinovi d\u011blal vedouc\u00edho kina pan \u0159\u00edd\u00edc\u00ed (jak se \u0159\u00edk\u00e1valo \u0159editeli Z\u0160) Miloslav Schauer. Zabezpe\u010doval objedn\u00e1v\u00e1n\u00ed film\u016f, vracen\u00ed film\u016f, tisk programu filmov\u00e9ho l\u00e9ta, vyv\u011b\u0161oval plak\u00e1ty k&nbsp;jednotliv\u00fdm film\u016fm a program. Program a plak\u00e1ty um\u00eds\u0165oval do dvou uzamykateln\u00fdch, zasklen\u00fdch n\u00e1st\u011bnek. Jedna n\u00e1st\u011bnka byla vpravo a druh\u00e1 vlevo u vstupu do hospody. Do hospody a kina se chodilo dlouhou chodbou dve\u0159mi od sochy sv. Jana Nepomuck\u00e9ho. Filmy se zpo\u010d\u00e1tku sh\u00e1n\u011bly r\u016fzn\u011b od sousedn\u00edch obc\u00ed a pozd\u011bji se p\u016fj\u010dovaly z p\u016fj\u010dovny z Pardubic. Chodily po\u0161tou.<\/p>\n\n\n\n<p>Prvn\u00edm prom\u00edta\u010dem byl pan Josef Jel\u00ednek. Po panu Josefu Jel\u00ednkovi prom\u00edtali pan Jan M\u00e1lek a jeho syn Jan, p\u00e1ni Josef Hor\u00e1k, Zden\u011bk Z\u00e1ruba, Ji\u0159\u00ed Lacina a Lud\u011bk Cidlina. Dnes se filmy prom\u00edtaj\u00ed pouze o letn\u00edch pr\u00e1zdnin\u00e1ch ve st\u0159edu. Kdo v&nbsp;sou\u010dasn\u00e9 dob\u011b prom\u00edt\u00e1 nev\u00edm.<\/p>\n\n\n\n<p>Prom\u00edtac\u00ed p\u0159\u00edstroje lampov\u00e9 byly pozd\u011bji nahrazeny obloukov\u00fdmi (na uhl\u00edky). \u0160\u00ed\u0159e filmu byla nejd\u0159\u00edve 16 mm, pozd\u011bji 35 mm (\u0161iroko\u00fahl\u00e9).<\/p>\n\n\n\n<p>Zpo\u010d\u00e1tku v&nbsp;s\u00e1le topil pan M\u00ed\u0161ek, byla tam jen jedna kamna v&nbsp;lev\u00e9 \u010d\u00e1sti s\u00e1lu. Pro d\u011bti byly vyhrazeny prvn\u00ed dv\u011b \u0159ady a l\u00edstek pro n\u011b ze za\u010d\u00e1tku st\u00e1l 1\u20132 K\u010ds. Kino bylo vybaveno skl\u00e1dac\u00edmi \u017eidlemi a pak \u0159adami sedadel se skl\u00e1p\u011bc\u00edmi sed\u00e1ky. Nev\u00edm, zda ji\u017e od za\u010d\u00e1tku bylo sezen\u00ed stup\u0148ovit\u00e9. Do s\u00e1lu se chodilo dlouhou chodbou. Vlevo v&nbsp;t\u00e9 dlouh\u00e9 chodb\u011b byl nejd\u0159\u00edve vstup do lok\u00e1lu hospody a a\u017e na jej\u00edm konci bylo mal\u00e9 ok\u00e9nko, kter\u00e9 se otev\u00edralo do m\u00edstnosti v&nbsp;hospod\u011b a v n\u011bm se prod\u00e1valy vstupenky do kina. Vstupenky (l\u00edstky) prod\u00e1val pan V\u00e1clav Landsman. Kdy\u017e otev\u0159el ok\u00e9nko, tak se nejd\u0159\u00edve vyvalil do chodby kou\u0159 z&nbsp;cigaret z&nbsp;hospody. Pan Landsman sed\u011bl na \u017eidli a na mal\u00e9m stole\u010dku m\u011bl pivo, srolovan\u00e9 l\u00edstky do kruhu a malou plechovou pokladni\u010dku. Za m\u00fdch \u010das\u016f st\u00e1l l\u00edstek 3 K\u010ds a i z&nbsp;t\u00e9to ceny byla vy\u010dlen\u011bna \u010d\u00e1stka pro \u010ceskoslovenskou kinematografii. Do s\u00e1lu kina vedly dvoje dve\u0159e. Vstupovalo se druh\u00fdmi dve\u0159mi od ok\u00e9nka, kde st\u00e1l n\u011bkdo, kdo odtrh\u00e1val \u010d\u00e1st vstupenky. Zase za m\u00fdch \u010dasu tam byla pan\u00ed Marie Krej\u010dov\u00e1 a pak jej\u00ed snacha Vlasta Krej\u010dov\u00e1, ob\u011b z&nbsp;Blahobytu. Na l\u00edstku nebylo \u010d\u00edslo \u0159ady ani sedadla, kdo jak\u00e9 m\u00edsto \u201echytil\u201c, tam sed\u011bl. \u00dapln\u011b vzadu v\u011bt\u0161inou sed\u00e1vala star\u0161\u00ed ml\u00e1de\u017e. Ze s\u00e1lu se pak vych\u00e1zelo jin\u00fdmi dve\u0159mi, ne\u017e se vch\u00e1zelo nebo se otev\u0159ely ob\u011b dve\u0159e, pokud byla vysok\u00e1 n\u00e1v\u0161t\u011bvnost p\u0159edstaven\u00ed.<\/p>\n\n\n\n<p>Do dne\u0161n\u00ed podoby byl s\u00e1l upraven a\u017e po rekonstrukci Filousku na po\u010d\u00e1tku devades\u00e1t\u00fdch let 1993\u20131994.<\/p>\n\n\n\n<p>Ze za\u010d\u00e1tku se prom\u00edtalo ve st\u0159edu a sobotu, pozd\u011bji i v ned\u011bli. Prom\u00edtaly se filmy i pro \u0161koly a v l\u00e9t\u011b o pr\u00e1zdnin\u00e1ch odpoledne pro pion\u00fdrsk\u00e9 t\u00e1bory i n\u011bkolikr\u00e1t za den. O letn\u00edch pr\u00e1zdnin\u00e1ch od roku 1959 se prom\u00edtalo v&nbsp;r\u00e1mci tzv. <strong>filmov\u00e9ho l\u00e9ta<\/strong> pro p\u0159\u00edznivce st\u0159\u00edbrn\u00e9ho pl\u00e1tna.<\/p>\n\n\n\n<p>V&nbsp;n\u00e1sleduj\u00edc\u00ed \u010d\u00e1sti uvedu dv\u011b vzpom\u00ednky na kino od pana Bohuslava Partyka.<\/p>\n\n\n\n<p>\u201eNa bradelsk\u00e9 kino, kter\u00e9 tehdy s\u00eddlilo na Filousku, tak\u00e9 vzpom\u00edn\u00e1m. Bradelsk\u00e9 filmov\u00e9 l\u00e9to byl pro mne tehdy pojem. V\u017edy jsem v n\u011bm za korunu nebo dv\u011b vid\u011bl v\u0161echny filmy, na kter\u00e9 jsem se v Bratislav\u011b nedostal. V \u0161edes\u00e1t\u00fdch letech to byly zejm\u00e9na Mayovky (Winnetou a pod.), na kter\u00e9 se ve m\u011bstech st\u00e1ly dlouh\u00e9 fronty na l\u00edstky, co\u017e jsem odm\u00edtal. Tak\u00e9 \u010cetn\u00edk ze Saint Tropez a dal\u0161\u00ed d\u00edly. Obvykl\u00fd sc\u00e9n\u00e1\u0159 byl takov\u00fd, \u017ee podve\u010der jsem se s otcem vypravil &#8222;do hospody&#8220;, on si dal pivo a popov\u00eddal si s kamar\u00e1dy a zn\u00e1m\u00fdmi. J\u00e1 zat\u00edm sed\u011bl v kin\u011b. Takto jsem obvykle za t\u00fdden vid\u011bl v\u0161echny nov\u00e9 filmy posledn\u00edho roku. Jen jednou \u0161el otec se mnou do s\u00e1lu na film. Bylo to &#8222;N\u011bkdo to r\u00e1d hork\u00e9&#8220; s Marilyn Monroe. Divil jsem se, \u017ee jde se mnou na gangsterskou st\u0159\u00edle\u010dku, tehdy jsem je\u0161t\u011b celkem nech\u00e1pal, \u017ee ho sp\u00ed\u0161 zaujala p\u0159edstavitelka hlavn\u00ed role, ne\u017e ten d\u011bj.<\/p>\n\n\n\n<p>Jednou mne dokonce prom\u00edta\u010d vzal do kabiny a v\u0161e mi poukazoval, v\u010detn\u011b prom\u00edta\u010dek s obloukov\u00fdmi lampami, zvukov\u00fdch apar\u00e1t\u016f a pod.&nbsp;<\/p>\n\n\n\n<p>Naposled jsem tam byl n\u011bkdy v prvn\u00ed polovin\u011b 70.let se svou nyn\u011bj\u0161\u00ed man\u017eelkou, kdy\u017e jsme byli u babi\u010dky na n\u00e1v\u0161t\u011bv\u011b.\u201c<\/p>\n\n\n\n<p>\u201eS kinem na Filousku se mi poj\u00ed je\u0161t\u011b jedna p\u0159\u00edhoda. Koncem pr\u00e1zdnin 1968 mi bylo 13 let a s otcem jsme p\u0159ijeli nav\u0161t\u00edvit babi\u010dku. Ve\u010dern\u00ed sc\u00e9n\u00e1\u0159 jako obvykle, Filousek a kino. Tentokr\u00e1t byl s n\u00e1mi i str\u00fdc Honza. Vraceli jsme se n\u011bkdy p\u0159ed des\u00e1tou ve\u010der. Na obloze nad n\u00e1mi bylo n\u011bjak ru\u0161no. Nad Bradlem toho tehdy moc nel\u00e9talo, leteck\u00fd provoz byl slab\u0161\u00ed ne\u017e dnes a koridory vedly jinudy. Tento ve\u010der v\u0161ak byla obloha pln\u00e1 zelen\u00fdch a \u010derven\u00fdch pozi\u010dn\u00edch sv\u011btel a hluk vrtulov\u00fdch motor\u016f se nedal p\u0159eslechnout. Otec si povzdechl &#8222;Zase n\u011bjak\u00e9 man\u00e9vry, co to jen stoj\u00ed pen\u011bz&#8220;. Nikdo z n\u00e1s netu\u0161il, co se d\u011bje. Bylo to 20. srpna 1968.&nbsp;<\/p>\n\n\n\n<p>A r\u00e1no v 6 hodin n\u00e1s vzbudil telefon\u00e1t &#8222;Obsazuj\u00ed n\u00e1s Rusov\u00e9&#8220;.\u201c<\/p>\n\n\n\n<p>D\u011bkuji za informace a \u010dl\u00e1nky:<\/p>\n\n\n\n<p>pan\u00ed Blance \u017d\u00e1kov\u00e9, rozen\u00e9 B\u0159ezinov\u00e9, dce\u0159i Ji\u0159\u00edho B\u0159eziny z\u00a0Doln\u00edho Bradla,<\/p>\n\n\n\n<p>pan\u00ed Marii Stehnov\u00e9 z\u00a0Horn\u00edho Bradla,<\/p>\n\n\n\n<p>panu Josefu Jel\u00ednkovi z&nbsp;Hlinska, rod\u00e1ku z&nbsp;Doln\u00edho Bradla,<\/p>\n\n\n\n<p>panu Bohuslavu Partykovi z&nbsp;Prahy.<\/p>\n\n\n\n<p>Pokud m\u00e1 n\u011bkdo n\u011bjak\u00fd p\u0159\u00edsp\u011bvek, vzpom\u00ednku, fakta nebo p\u0159ipom\u00ednku k\u00a0nep\u0159esnostem k v\u00fd\u0161e uveden\u00e9mu \u010dl\u00e1nku o kin\u011b, tak napi\u0161te na oa.najman@seznam.cz.<\/p>\n\n\n\n<p>Vstupenka (l\u00edstek) do kina.<\/p>\n\n\n<div class=\"wp-block-image\">\n<figure class=\"aligncenter size-full\"><img loading=\"lazy\" decoding=\"async\" width=\"998\" height=\"444\" src=\"https:\/\/www.bradlo.cz\/wp-content\/uploads\/2025\/03\/image.png\" alt=\"\" class=\"wp-image-1647\" srcset=\"https:\/\/www.bradlo.cz\/wp-content\/uploads\/2025\/03\/image.png 998w, https:\/\/www.bradlo.cz\/wp-content\/uploads\/2025\/03\/image-300x133.png 300w, https:\/\/www.bradlo.cz\/wp-content\/uploads\/2025\/03\/image-768x342.png 768w\" sizes=\"auto, (max-width: 998px) 100vw, 998px\" \/><\/figure>\n<\/div>\n\n\n<p>Programy filmov\u00e9ho l\u00e9ta:<\/p>\n\n\n<div class=\"wp-block-image\">\n<figure class=\"aligncenter size-full\"><img loading=\"lazy\" decoding=\"async\" width=\"460\" height=\"664\" src=\"https:\/\/www.bradlo.cz\/wp-content\/uploads\/2025\/03\/image-2.png\" alt=\"\" class=\"wp-image-1649\" srcset=\"https:\/\/www.bradlo.cz\/wp-content\/uploads\/2025\/03\/image-2.png 460w, https:\/\/www.bradlo.cz\/wp-content\/uploads\/2025\/03\/image-2-208x300.png 208w\" sizes=\"auto, (max-width: 460px) 100vw, 460px\" \/><\/figure>\n<\/div>\n\n<div class=\"wp-block-image\">\n<figure class=\"aligncenter size-full\"><img loading=\"lazy\" decoding=\"async\" width=\"461\" height=\"666\" src=\"https:\/\/www.bradlo.cz\/wp-content\/uploads\/2025\/03\/image-4.png\" alt=\"\" class=\"wp-image-1652\" srcset=\"https:\/\/www.bradlo.cz\/wp-content\/uploads\/2025\/03\/image-4.png 461w, https:\/\/www.bradlo.cz\/wp-content\/uploads\/2025\/03\/image-4-208x300.png 208w\" sizes=\"auto, (max-width: 461px) 100vw, 461px\" \/><\/figure>\n<\/div>\n\n<div class=\"wp-block-image\">\n<figure class=\"aligncenter size-full\"><img loading=\"lazy\" decoding=\"async\" width=\"481\" height=\"693\" src=\"https:\/\/www.bradlo.cz\/wp-content\/uploads\/2025\/03\/image-6.png\" alt=\"\" class=\"wp-image-1654\" srcset=\"https:\/\/www.bradlo.cz\/wp-content\/uploads\/2025\/03\/image-6.png 481w, https:\/\/www.bradlo.cz\/wp-content\/uploads\/2025\/03\/image-6-208x300.png 208w\" sizes=\"auto, (max-width: 481px) 100vw, 481px\" \/><\/figure>\n<\/div>\n\n<div class=\"wp-block-image\">\n<figure class=\"aligncenter size-full\"><img loading=\"lazy\" decoding=\"async\" width=\"481\" height=\"678\" src=\"https:\/\/www.bradlo.cz\/wp-content\/uploads\/2025\/03\/image-8.png\" alt=\"\" class=\"wp-image-1656\" srcset=\"https:\/\/www.bradlo.cz\/wp-content\/uploads\/2025\/03\/image-8.png 481w, https:\/\/www.bradlo.cz\/wp-content\/uploads\/2025\/03\/image-8-213x300.png 213w\" sizes=\"auto, (max-width: 481px) 100vw, 481px\" \/><\/figure>\n<\/div>\n\n\n<p>Dobov\u00e9 plak\u00e1ty:<\/p>\n\n\n<div class=\"wp-block-image\">\n<figure class=\"aligncenter size-full\"><img loading=\"lazy\" decoding=\"async\" width=\"446\" height=\"650\" src=\"https:\/\/www.bradlo.cz\/wp-content\/uploads\/2025\/03\/image-10.png\" alt=\"\" class=\"wp-image-1658\" srcset=\"https:\/\/www.bradlo.cz\/wp-content\/uploads\/2025\/03\/image-10.png 446w, https:\/\/www.bradlo.cz\/wp-content\/uploads\/2025\/03\/image-10-206x300.png 206w\" sizes=\"auto, (max-width: 446px) 100vw, 446px\" \/><\/figure>\n<\/div>\n\n<div class=\"wp-block-image\">\n<figure class=\"aligncenter size-full\"><img loading=\"lazy\" decoding=\"async\" width=\"456\" height=\"639\" src=\"https:\/\/www.bradlo.cz\/wp-content\/uploads\/2025\/03\/image-12.png\" alt=\"\" class=\"wp-image-1660\" srcset=\"https:\/\/www.bradlo.cz\/wp-content\/uploads\/2025\/03\/image-12.png 456w, https:\/\/www.bradlo.cz\/wp-content\/uploads\/2025\/03\/image-12-214x300.png 214w\" sizes=\"auto, (max-width: 456px) 100vw, 456px\" \/><\/figure>\n<\/div>\n\n<div class=\"wp-block-image\">\n<figure class=\"aligncenter size-full\"><img loading=\"lazy\" decoding=\"async\" width=\"427\" height=\"623\" src=\"https:\/\/www.bradlo.cz\/wp-content\/uploads\/2025\/03\/image-14.png\" alt=\"\" class=\"wp-image-1662\" srcset=\"https:\/\/www.bradlo.cz\/wp-content\/uploads\/2025\/03\/image-14.png 427w, https:\/\/www.bradlo.cz\/wp-content\/uploads\/2025\/03\/image-14-206x300.png 206w\" sizes=\"auto, (max-width: 427px) 100vw, 427px\" \/><\/figure>\n<\/div>\n\n<div class=\"wp-block-image\">\n<figure class=\"aligncenter size-full\"><img loading=\"lazy\" decoding=\"async\" width=\"430\" height=\"610\" src=\"https:\/\/www.bradlo.cz\/wp-content\/uploads\/2025\/03\/image-16.png\" alt=\"\" class=\"wp-image-1664\" srcset=\"https:\/\/www.bradlo.cz\/wp-content\/uploads\/2025\/03\/image-16.png 430w, https:\/\/www.bradlo.cz\/wp-content\/uploads\/2025\/03\/image-16-211x300.png 211w\" sizes=\"auto, (max-width: 430px) 100vw, 430px\" \/><\/figure>\n<\/div>\n\n\n<p>Obr\u00e1zek (ilustra\u010dn\u00ed) dobov\u00e9ho prom\u00edtac\u00edho p\u0159\u00edstroje:<\/p>\n\n\n<div class=\"wp-block-image\">\n<figure class=\"aligncenter size-full\"><img loading=\"lazy\" decoding=\"async\" width=\"458\" height=\"611\" src=\"https:\/\/www.bradlo.cz\/wp-content\/uploads\/2025\/03\/image-18.png\" alt=\"\" class=\"wp-image-1666\" srcset=\"https:\/\/www.bradlo.cz\/wp-content\/uploads\/2025\/03\/image-18.png 458w, https:\/\/www.bradlo.cz\/wp-content\/uploads\/2025\/03\/image-18-225x300.png 225w\" sizes=\"auto, (max-width: 458px) 100vw, 458px\" \/><\/figure>\n<\/div>","protected":false},"excerpt":{"rendered":"<p>Prvn\u00ed informaci o biografu v&nbsp;Doln\u00edm Bradle se do\u010dteme v&nbsp;Pam\u011btn\u00ed knize. Tehdej\u0161\u00ed kronik\u00e1\u0159, m\u00edstn\u00ed ob\u010dan Eduard Rudolf, nadlesn\u00ed v.v. v&nbsp;Doln\u00edm Bradle \u010dp. 17, v&nbsp;roce 1950 uv\u00e1d\u00ed: \u201eV&nbsp;tomto roce byl v&nbsp;s\u00e1le hostince na Filousku z\u0159\u00edzen biograf n\u00e1kladem K\u010d 160&nbsp;000, kde se pravideln\u011b ka\u017edou sobotu a ned\u011bli pom\u00edtaj\u00ed filmy za \u010detn\u00e9 \u00fa\u010dasti ob\u010danstva.\u201c Kdo byl prvn\u00edm vedouc\u00edm kina &hellip; <a href=\"https:\/\/www.bradlo.cz\/?page_id=1646\" class=\"more-link\">Pokra\u010dov\u00e1n\u00ed textu <span class=\"screen-reader-text\">Kino v\u00a0Doln\u00edm Bradle<\/span><\/a><\/p>\n","protected":false},"author":2,"featured_media":0,"parent":0,"menu_order":0,"comment_status":"closed","ping_status":"closed","template":"","meta":{"footnotes":""},"class_list":["post-1646","page","type-page","status-publish","hentry"],"_links":{"self":[{"href":"https:\/\/www.bradlo.cz\/index.php?rest_route=\/wp\/v2\/pages\/1646","targetHints":{"allow":["GET"]}}],"collection":[{"href":"https:\/\/www.bradlo.cz\/index.php?rest_route=\/wp\/v2\/pages"}],"about":[{"href":"https:\/\/www.bradlo.cz\/index.php?rest_route=\/wp\/v2\/types\/page"}],"author":[{"embeddable":true,"href":"https:\/\/www.bradlo.cz\/index.php?rest_route=\/wp\/v2\/users\/2"}],"replies":[{"embeddable":true,"href":"https:\/\/www.bradlo.cz\/index.php?rest_route=%2Fwp%2Fv2%2Fcomments&post=1646"}],"version-history":[{"count":1,"href":"https:\/\/www.bradlo.cz\/index.php?rest_route=\/wp\/v2\/pages\/1646\/revisions"}],"predecessor-version":[{"id":1667,"href":"https:\/\/www.bradlo.cz\/index.php?rest_route=\/wp\/v2\/pages\/1646\/revisions\/1667"}],"wp:attachment":[{"href":"https:\/\/www.bradlo.cz\/index.php?rest_route=%2Fwp%2Fv2%2Fmedia&parent=1646"}],"curies":[{"name":"wp","href":"https:\/\/api.w.org\/{rel}","templated":true}]}}