{"id":1595,"date":"2024-10-10T13:21:32","date_gmt":"2024-10-10T11:21:32","guid":{"rendered":"https:\/\/www.bradlo.cz\/?page_id=1595"},"modified":"2024-10-10T13:21:32","modified_gmt":"2024-10-10T11:21:32","slug":"p-josef-ranecky","status":"publish","type":"page","link":"https:\/\/www.bradlo.cz\/?page_id=1595","title":{"rendered":"P. Josef Raneck\u00fd"},"content":{"rendered":"<div class=\"wp-block-image\">\n<figure class=\"aligncenter size-full is-resized\"><img loading=\"lazy\" decoding=\"async\" width=\"242\" height=\"193\" src=\"https:\/\/www.bradlo.cz\/wp-content\/uploads\/2024\/10\/Obr11.png\" alt=\"\" class=\"wp-image-1596\" style=\"width:494px;height:auto\"\/><\/figure>\n<\/div>\n\n\n<p>Narodil se 30. dubna 1915 v&nbsp;Pohledu. Vystudoval bohoslov\u00ed a na kn\u011bze byl vysv\u011bcen 29.&nbsp;\u010dervna&nbsp; 1941 biskupem Dr. Mo\u0159icem P\u00edchou. Josef Raneck\u00fd byl spolu\u017e\u00e1kem (z ni\u017e\u0161\u00edho ro\u010dn\u00edku) Josefa Toufara z hradeck\u00e9ho semin\u00e1\u0159e, spole\u010dn\u011b jezdili na pr\u00e1zdniny, Josef Raneck\u00fd se z\u00fa\u010dastnil primice Josefa Toufara. Nejprve slou\u017eil jako kaplan v&nbsp;Poln\u00e9, od \u010dervence 1944 v&nbsp;Nov\u00fdch Hradech u Vysok\u00e9ho M\u00fdta. V&nbsp;\u010dervenci 1945 byl v&nbsp;Trhov\u00e9 Kamenici ustanoven administr\u00e1torem. Po n\u00e1stupu komunistick\u00e9 diktatury musel dne 1. prosince 1951 nastoupit vojenskou slu\u017ebu u PTP u 53. PTP M\u011bsto Libav\u00e1 jako stavebn\u00ed d\u011bln\u00edk. Pozd\u011bji byl p\u0159id\u011blen do dol\u016f v&nbsp;Karvin\u00e9 (Orlov\u00e9). Pot\u00e9 op\u011btn\u011b slou\u017eil u PTP Rajhrad, ve \u0160tok\u00e1ch u Jihlavy a ve Zdechovic\u00edch. Propu\u0161t\u011bn byl s podlomen\u00fdm zdrav\u00edm 7.&nbsp;kv\u011btna 1954. V Trhov\u00e9 Kamenici jej mezit\u00edm zastupoval P. Ju\u0159ena, d\u011bkan z&nbsp;Hlinska. Po n\u00e1vratu na farnost v&nbsp;Trhov\u00e9 Kamenici se zapojil do m\u00edstn\u00edho spole\u010densk\u00e9ho a kulturn\u00edho \u017eivota jako jeho p\u0159edch\u016fdci. M\u00edstn\u00ed obyvatel\u00e9 na n\u011bj vzpom\u00ednaj\u00ed jako na spole\u010densk\u00e9ho, p\u0159\u00e1telsk\u00e9ho \u010dlov\u011bka. Chod\u00edval do kina, na b\u00e1ly, do hospody, o pouti po m\u00e1jov\u00e9 pobo\u017enosti se s&nbsp;ostatn\u00edmi voz\u00edval a\u017e do tmy na koloto\u010di. \u017d\u00e1dnou legraci nezkazil. Kamenick\u00fd far\u00e1\u0159 spravoval i farnost Modlet\u00edn. Tam doj\u00ed\u017ed\u011bl slou\u017eit m\u0161i, ka\u017edou ned\u011bli a sv\u00e1tek. Vyu\u010doval hodiny n\u00e1bo\u017eenstv\u00ed nejen v&nbsp;Trhov\u00e9 Kamenici, ale i v&nbsp;Doln\u00edm Bradle ve \u0161kole, zpov\u00eddal v&nbsp;kapli Panny Marie a v&nbsp;kostele Svat\u00e9 Anny na Modlet\u00edn\u011b. Na Modlet\u00edn\u011b po m\u0161i pod\u00e1val svat\u00e9 p\u0159ij\u00edm\u00e1n\u00ed. Samoz\u0159ejm\u011b na Modlet\u00edn\u011b se konaly i poh\u0159by. Kdy\u017e na hodin\u00e1ch n\u00e1bo\u017eenstv\u00ed d\u011bti zlobily, tak jim \u0159\u00edkal \u201eVy balvani\u201c. To byla jeho typick\u00e1 nad\u00e1vka. Nav\u0161t\u011bvoval v\u011b\u0159\u00edc\u00ed i nev\u011b\u0159\u00edc\u00ed, ov\u0161em ty, kde byl v\u00edt\u00e1n. \u00da\u010dastnil se ples\u016f. Pokud byl pozv\u00e1n na svatebn\u00ed hostinu, neodm\u00edtl a byl vesel\u00fdm a vtipn\u00fdm hostem. V\u017edy v\u0161ak setrval jen do p\u016flnoci. M\u011bl r\u00e1d divadlo, hr\u00e1l divadlo a tak\u00e9 zast\u00e1val d\u016fle\u017eitou funkci n\u00e1pov\u011bdy. Josef Raneck\u00fd byl obl\u00edben\u00fd pro svou lidovou povahu.<\/p>\n\n\n\n<p>V roce 1971 uspo\u0159\u00e1dal v&nbsp;Trhov\u00e9 Kamenici primici novokn\u011bze Franti\u0161ka \u0160otoly. Po odchodu&nbsp; far\u00e1\u0159e Josefa Raneck\u00e9ho (p\u016fsobil zde 30 let) do P\u0159ibyslavi v roce 1975 byla kamenick\u00e1 farnost p\u0159ed\u00e1na pod spr\u00e1vu nasavrck\u00e9ho far\u00e1\u0159e Rudolfa Ryk\u00fd\u0159e. V&nbsp;P\u0159ibyslavi slou\u017eil 10 let a\u017e do sv\u00e9 smrti 11.&nbsp;\u0159\u00edjna&nbsp;1985. Poh\u0159ben byl 18. \u0159\u00edjna 1985 v&nbsp;Pohledu.<\/p>\n\n\n\n<p>\u010casto \u0159\u00edkal, \u017ee ho stejn\u011b p\u0159i poh\u0159bu vyklop\u00ed. Co\u017e se skute\u010dn\u011b stalo. V\u016fz poh\u0159ebn\u00ed slu\u017eby havaroval, skon\u010dil v p\u0159\u00edkop\u011b a museli \u010dekat na n\u00e1hradn\u00ed auto. Po poh\u0159bu se kn\u011b\u017e\u00ed bavili o t\u00e9to jeho p\u0159edpov\u011bdi a pan kapituln\u00ed vik\u00e1\u0159 odpov\u011bd\u011bl, \u017ee na toto t\u00e9ma se nem\u00e1 \u017eertovat. Na parte P. Raneck\u00e9ho byl cit\u00e1t z P\u00edsma sv. &#8222;Vesel\u00e9ho d\u00e1rce miluje B\u016fh&#8220;.<\/p>\n\n\n<div class=\"wp-block-image\">\n<figure class=\"aligncenter size-full is-resized\"><img loading=\"lazy\" decoding=\"async\" width=\"377\" height=\"283\" src=\"https:\/\/www.bradlo.cz\/wp-content\/uploads\/2024\/10\/Obr2.jpg\" alt=\"\" class=\"wp-image-1597\" style=\"width:585px;height:auto\" srcset=\"https:\/\/www.bradlo.cz\/wp-content\/uploads\/2024\/10\/Obr2.jpg 377w, https:\/\/www.bradlo.cz\/wp-content\/uploads\/2024\/10\/Obr2-300x225.jpg 300w\" sizes=\"auto, (max-width: 377px) 100vw, 377px\" \/><\/figure>\n<\/div>\n\n\n<p>Josef Raneck\u00fd druh\u00fd zprava, Josef Toufar t\u0159et\u00ed zleva.<\/p>\n\n\n\n<p><strong>Zdroje:<\/strong><\/p>\n\n\n\n<p><a href=\"http:\/\/www.trhovakamenice.cz\/download\/obcasnik\/2013-05-tko-kveten.pdf\">http:\/\/www.trhovakamenice.cz\/download\/obcasnik\/2013-05-tko-kveten.pdf<\/a><\/p>\n\n\n\n<p><a href=\"https:\/\/is.muni.cz\/th\/mty5j\/bucanovatk.pdf\">https:\/\/is.muni.cz\/th\/mty5j\/bucanovatk.pdf<\/a><\/p>\n\n\n\n<p><\/p>\n","protected":false},"excerpt":{"rendered":"<p>Narodil se 30. dubna 1915 v&nbsp;Pohledu. Vystudoval bohoslov\u00ed a na kn\u011bze byl vysv\u011bcen 29.&nbsp;\u010dervna&nbsp; 1941 biskupem Dr. Mo\u0159icem P\u00edchou. Josef Raneck\u00fd byl spolu\u017e\u00e1kem (z ni\u017e\u0161\u00edho ro\u010dn\u00edku) Josefa Toufara z hradeck\u00e9ho semin\u00e1\u0159e, spole\u010dn\u011b jezdili na pr\u00e1zdniny, Josef Raneck\u00fd se z\u00fa\u010dastnil primice Josefa Toufara. Nejprve slou\u017eil jako kaplan v&nbsp;Poln\u00e9, od \u010dervence 1944 v&nbsp;Nov\u00fdch Hradech u Vysok\u00e9ho M\u00fdta. &hellip; <a href=\"https:\/\/www.bradlo.cz\/?page_id=1595\" class=\"more-link\">Pokra\u010dov\u00e1n\u00ed textu <span class=\"screen-reader-text\">P. Josef Raneck\u00fd<\/span><\/a><\/p>\n","protected":false},"author":2,"featured_media":0,"parent":0,"menu_order":0,"comment_status":"open","ping_status":"closed","template":"","meta":{"footnotes":""},"class_list":["post-1595","page","type-page","status-publish","hentry"],"_links":{"self":[{"href":"https:\/\/www.bradlo.cz\/index.php?rest_route=\/wp\/v2\/pages\/1595","targetHints":{"allow":["GET"]}}],"collection":[{"href":"https:\/\/www.bradlo.cz\/index.php?rest_route=\/wp\/v2\/pages"}],"about":[{"href":"https:\/\/www.bradlo.cz\/index.php?rest_route=\/wp\/v2\/types\/page"}],"author":[{"embeddable":true,"href":"https:\/\/www.bradlo.cz\/index.php?rest_route=\/wp\/v2\/users\/2"}],"replies":[{"embeddable":true,"href":"https:\/\/www.bradlo.cz\/index.php?rest_route=%2Fwp%2Fv2%2Fcomments&post=1595"}],"version-history":[{"count":1,"href":"https:\/\/www.bradlo.cz\/index.php?rest_route=\/wp\/v2\/pages\/1595\/revisions"}],"predecessor-version":[{"id":1598,"href":"https:\/\/www.bradlo.cz\/index.php?rest_route=\/wp\/v2\/pages\/1595\/revisions\/1598"}],"wp:attachment":[{"href":"https:\/\/www.bradlo.cz\/index.php?rest_route=%2Fwp%2Fv2%2Fmedia&parent=1595"}],"curies":[{"name":"wp","href":"https:\/\/api.w.org\/{rel}","templated":true}]}}