{"id":1590,"date":"2024-10-09T13:54:19","date_gmt":"2024-10-09T11:54:19","guid":{"rendered":"https:\/\/www.bradlo.cz\/?page_id=1590"},"modified":"2024-10-09T13:54:19","modified_gmt":"2024-10-09T11:54:19","slug":"terezie-riegrova","status":"publish","type":"page","link":"https:\/\/www.bradlo.cz\/?page_id=1590","title":{"rendered":"Terezie Riegrov\u00e1"},"content":{"rendered":"<div class=\"wp-block-image\">\n<figure class=\"aligncenter size-full\"><img loading=\"lazy\" decoding=\"async\" width=\"311\" height=\"399\" src=\"https:\/\/www.bradlo.cz\/wp-content\/uploads\/2024\/10\/Obr17.jpg\" alt=\"\" class=\"wp-image-1591\" srcset=\"https:\/\/www.bradlo.cz\/wp-content\/uploads\/2024\/10\/Obr17.jpg 311w, https:\/\/www.bradlo.cz\/wp-content\/uploads\/2024\/10\/Obr17-234x300.jpg 234w\" sizes=\"auto, (max-width: 311px) 100vw, 311px\" \/><\/figure>\n<\/div>\n\n\n<p>Na h\u0159bitov\u011b na Modlet\u00edn\u011b, pokud jdete hlavn\u00ed cestou, tak v\u00e1s zaujme hrob pod l\u00edpou, jinak orientovan\u00fd ne\u017e ostatn\u00ed hroby a mohutnou deskou zakryt\u00fd, na n\u00ed\u017e je n\u00e1pis Terezie Riegrov\u00e1, 1869. Jedn\u00e1 se o hrob matky Franti\u0161ka Ladislava Riegra.<\/p>\n\n\n<div class=\"wp-block-image\">\n<figure class=\"aligncenter size-full is-resized\"><img loading=\"lazy\" decoding=\"async\" width=\"237\" height=\"318\" src=\"https:\/\/www.bradlo.cz\/wp-content\/uploads\/2024\/10\/Obr18.jpg\" alt=\"\" class=\"wp-image-1592\" style=\"width:352px;height:auto\" srcset=\"https:\/\/www.bradlo.cz\/wp-content\/uploads\/2024\/10\/Obr18.jpg 237w, https:\/\/www.bradlo.cz\/wp-content\/uploads\/2024\/10\/Obr18-224x300.jpg 224w\" sizes=\"auto, (max-width: 237px) 100vw, 237px\" \/><\/figure>\n<\/div>\n\n\n<p>Terezie Barbora Wagenknechtov\u00e1 se narodila 19 . \u00fanora 1795 ve Stavu \u010d. 21, ve v\u00edsce pod Kumburkem na Novopacku, kde otec vlastnil nevelk\u00fd ml\u00fdn na mal\u00e9m potoce. Terezie byla nejstar\u0161\u00ed z&nbsp;\u0161esti d\u011bt\u00ed Franti\u0161ka Wagenknechta a jeho \u017eeny Barbory, rozen\u00e9 Strnadov\u00e1 z&nbsp;Bozkova \u010d. 55. Byla to zbo\u017en\u00e1 \u010desk\u00e1 rodina s mlyn\u00e1\u0159skou tradic\u00ed, vlastenecky zalo\u017een\u00e1, by\u0165 p\u0159\u00edjmen\u00ed m\u011bla n\u011bmeck\u00e9. Matka Barbora dbala na vzd\u011blanost, v\u017edy\u0165 oba jej\u00ed brat\u0159i se stali kn\u011bzi. Tak\u00e9 otc\u016fv synovec Josef Ign\u00e1c Wagenknecht byl zn\u00e1m\u00fd vlasteneck\u00fd kn\u011bz \u2013 kaplan u sv. Jind\u0159icha v Praze. Tyto podm\u00ednky formovaly Terezii Wagenknechtovou, kter\u00e1 vyr\u016fstala v&nbsp;prost\u0159ed\u00ed chud\u00e9m, ale v\u017edy napln\u011bn\u00e9m touhou po vy\u0161\u0161\u00edm vzd\u011bl\u00e1n\u00ed. Jako nejstar\u0161\u00ed m\u011bla nejv\u00edce povinnost\u00ed, ne\u017e ostatn\u00ed sourozenci. Mnoh\u00e9m zastupovala matku, ale i otce. V&nbsp;\u0161estn\u00e1cti letech, na p\u0159\u00e1n\u00ed matky, se p\u011b\u0161ky z&nbsp;Podkrkono\u0161\u00ed vypravila s&nbsp;desetilet\u00fdm bratrem Franti\u0161kem do Prahy, aby vyjednala jeho p\u0159ijet\u00ed do sboru v chr\u00e1mu sv. V\u00edta, co\u017e byl d\u016fle\u017eit\u00fd p\u0159edpoklad n\u00e1sledn\u00e9ho studia na kn\u011bze.<\/p>\n\n\n\n<p>Kdy\u017e Tereze bylo p\u0159esn\u011b 22 let, \u017eenich V\u00e1clav Rieger (1778 \u2013 1841), semilsk\u00fd mlyn\u00e1\u0159, byl o 16 let star\u0161\u00ed, konala se v ubislavick\u00e9m kostel\u00edku 19. \u00fanora 1816 svatba. Po ni se pak Terezie Riegrova p\u0159est\u011bhovala ze Stavu, otcova domu, do velk\u00e9ho a bohat\u00e9ho semilsk\u00e9ho ml\u00fdna. Mlyn\u00e1\u0159i a sl\u00e1dkov\u00e9, to b\u00fdvala elita a \u010de\u0161ti vlastenci, kte\u0159\u00ed nebyli zat\u00ed\u017eeni poddanstv\u00edm a robotou. Mlyn\u00e1\u0159i se dr\u017eeli star\u00fdch zvyk\u016f, kter\u00e9 se p\u0159ej\u00edmaly z pokolen\u00ed na pokolen\u00ed. Semilsk\u00fd mlyn\u00e1\u0159 V\u00e1clav Rieger vlastnil ml\u00fdn spolu se star\u0161\u00edm bratrem Franti\u0161kem, star\u00fdm ml\u00e1dencem, jen\u017e m\u011bl polovi\u010dn\u00ed vlastnick\u00fd pod\u00edl.<\/p>\n\n\n\n<p>Man\u017eel\u016fm Riegrov\u00fdm se narodily t\u0159i d\u011bti: nejstar\u0161\u00ed byla Terezie, kterou si otec nejv\u00edce obl\u00edbil, matka zase v\u00edce lp\u011bla na prost\u0159edn\u00edm synovi Franti\u0161kovi. Nejmlad\u0161\u00ed Marie zem\u0159ela z\u00e1hy na tuberkul\u00f3zu \u2013 nedo\u017eila se ani t\u0159i let. Tak\u00e9 \u0161vagr Franti\u0161ek n\u00e1hle roku 1830 zem\u0159el. Nezanechal \u017e\u00e1dnou z\u00e1v\u011b\u0165, proto musel V\u00e1clav Rieger vyplatit p\u0159\u00edbuzn\u00e9, aby Franti\u0161kovu polovinu z\u00edskal. Syn Franti\u0161ek studoval na ji\u010d\u00ednsk\u00e9m gymn\u00e1ziu, pak p\u0159estoupil na vy\u0161\u0161\u00ed typ gymn\u00e1zia do Prahy a pokra\u010doval ve vysoko\u0161kolsk\u00e9m studiu pr\u00e1va a k&nbsp;radosti otce slo\u017eil zkou\u0161ky mistra cechu mlyn\u00e1\u0159sk\u00e9ho, av\u0161ak ve\u0161kerou mlyn\u00e1\u0159skou pr\u00e1ci za nemocn\u00e9ho man\u017eela a pr\u00e1va studuj\u00edc\u00edho syna z\u00e1hy p\u0159evzala na sebe matka. V\u00e1clav Rieger zem\u0159el 16.&nbsp;dubna 1841 a je pochov\u00e1n v Semilech na Ko\u0161tofranku. Jeho smrt\u00ed se v&nbsp;ml\u00fdn\u011b mnoh\u00e9 zm\u011bnilo. Mlyn\u00e1\u0159ka se pustila do stavebn\u00edch \u00faprav a do semilsk\u00e9ho ml\u00fdna p\u0159ij\u00ed\u017ed\u011bli vz\u00e1cn\u00ed host\u00e9. Syn Franti\u0161ek Ladislav Rieger \u00fasp\u011b\u0161n\u011b ukon\u010dil studia pr\u00e1v a st\u00e1le v\u00fdznamn\u011bji vstupoval do politick\u00e9ho a kulturn\u00edho \u017eivota zem\u011b. Mlyn\u00e1\u0159ku t\u00e9\u017e pot\u011b\u0161il syn\u016fv s\u0148atek s Marii Palackou (1853). Pak do Semil jezdil i \u201eOtec n\u00e1roda\u201c Franti\u0161ek Palack\u00fd.<\/p>\n\n\n\n<p>Mlyn\u00e1\u0159ka se sice radovala ze t\u0159\u00ed Franti\u0161kov\u00fdch vnou\u010dat (Marie, Bohu\u0161, Libu\u0161e), ale tr\u00e1pilo ji mnoh\u00e9: na p\u0159elomu 50. a 60. let 19. stolet\u00ed semilsk\u00e9mu ml\u00fdnu ub\u00fdvalo mlet\u00ed a ml\u00fdn \u010dasto st\u00e1l. Nav\u00edc byla v Podkrkono\u0161\u00ed velk\u00e1 b\u00edda, ale dobrosrde\u010dn\u00e1 mlyn\u00e1\u0159ka rozd\u00e1vala chud\u00fdm chleba a va\u0159ila pol\u00e9vky. Byla ji\u017e nemocn\u00e1 a tr\u00e1pily ji revmatick\u00e9 bolesti a otoky rukou a nohou. V dopise prosila syna, aby ml\u00fdn prodal. F. L. Rieger tak u\u010dinil a ml\u00fdn i s pozemky prodal v r. 1862 tov\u00e1rn\u00edku F. Schmittovi za 85 tis\u00edc zlat\u00fdch. N\u00e1sledn\u011b pak koupil statek v Mal\u010di a matku si vzal k sob\u011b do Prahy. Svoji nemoc l\u00e9\u010dila Terezie Riegrov\u00e1 v l\u00e1zn\u00edch Teplic\u00edch a po\u010d\u00ednaje rokem 1863 pob\u00fdvala ka\u017ed\u00e9 l\u00e9to s&nbsp;vnou\u010daty v Mal\u010di.<\/p>\n\n\n\n<p>Vnu\u010dka Marie \u010cervinkov\u00e1 \u2013 Riegrov\u00e1 o sv\u00e9 babi\u010dce napsala: \u201ePoklady du\u0161evn\u00ed, \u010dest rodinn\u00e1 a schopnost i s\u00edla p\u016fsobit ku blahu bli\u017en\u00edch byly ji t\u00edm nejdra\u017e\u0161\u00edm a nejvy\u0161\u0161\u00edm v \u017eivot\u011b \u2026\u201c<\/p>\n\n\n\n<p>Terezie Riegrova zem\u0159ela v Praze 14. \u00fanora 1869. Pochov\u00e1na je na h\u0159bitov\u011b v&nbsp;Modlet\u00edn\u011b.<\/p>\n\n\n\n<p>Terezie Riegrov\u00e1 \u2013 semilsk\u00e1 pan\u00ed mlyn\u00e1\u0159ka, ale p\u0159edev\u0161\u00edm Riegrova matka. Byla to u\u0161lechtil\u00e1 \u017eena, \u0161ikovn\u00e1 a dobrosrde\u010dn\u00e1 mlyn\u00e1\u0159ka, hluboce v\u011b\u0159\u00edc\u00ed katoli\u010dka, miluj\u00edc\u00ed man\u017eelka a matka, kter\u00e1 z\u00e1hy poznala syn\u016fv talent i touhu po vzd\u011bl\u00e1n\u00ed. V rodinn\u00e9 diplomacii pak musela man\u017eelovu logiku obr\u00e1tit naruby a vyvinout velk\u00e9 \u00fasil\u00ed, aby se jedin\u00fd syn Franti\u0161ek Ladislav Rieger nestal nadosmrti mlyn\u00e1\u0159em, by\u0165 v Podkrkono\u0161\u00ed v\u00e1\u017een\u00fdm a bohat\u00fdm. Kormidlo osudu oto\u010dila spr\u00e1vn\u00fdm sm\u011brem. A tak \u010desk\u00e1 historie nebyla ochuzena o v\u016fd\u010d\u00edho politika 19. stolet\u00ed.<\/p>\n\n\n\n<p><strong>Zdroj:<\/strong><\/p>\n\n\n\n<p><a href=\"https:\/\/www.semily.cz\/customers\/semily\/ftp\/File\/semilske_noviny\/2009\/04_2009.pdf\">https:\/\/www.semily.cz\/customers\/semily\/ftp\/File\/semilske_noviny\/2009\/04_2009.pdf<\/a><\/p>\n\n\n\n<p><a href=\"https:\/\/www.payne.cz\/3xS43787\/WagenknechtovaTereza.htm\">https:\/\/www.payne.cz\/3xS43787\/WagenknechtovaTereza.htm<\/a><\/p>\n\n\n\n<p><a href=\"https:\/\/www.payne.cz\/3xS43787\/RiegerFrantisek.htm\">https:\/\/www.payne.cz\/3xS43787\/RiegerFrantisek.htm<\/a><\/p>\n\n\n\n<p><\/p>\n","protected":false},"excerpt":{"rendered":"<p>Na h\u0159bitov\u011b na Modlet\u00edn\u011b, pokud jdete hlavn\u00ed cestou, tak v\u00e1s zaujme hrob pod l\u00edpou, jinak orientovan\u00fd ne\u017e ostatn\u00ed hroby a mohutnou deskou zakryt\u00fd, na n\u00ed\u017e je n\u00e1pis Terezie Riegrov\u00e1, 1869. Jedn\u00e1 se o hrob matky Franti\u0161ka Ladislava Riegra. Terezie Barbora Wagenknechtov\u00e1 se narodila 19 . \u00fanora 1795 ve Stavu \u010d. 21, ve v\u00edsce pod Kumburkem &hellip; <a href=\"https:\/\/www.bradlo.cz\/?page_id=1590\" class=\"more-link\">Pokra\u010dov\u00e1n\u00ed textu <span class=\"screen-reader-text\">Terezie Riegrov\u00e1<\/span><\/a><\/p>\n","protected":false},"author":2,"featured_media":0,"parent":0,"menu_order":0,"comment_status":"open","ping_status":"closed","template":"","meta":{"footnotes":""},"class_list":["post-1590","page","type-page","status-publish","hentry"],"_links":{"self":[{"href":"https:\/\/www.bradlo.cz\/index.php?rest_route=\/wp\/v2\/pages\/1590","targetHints":{"allow":["GET"]}}],"collection":[{"href":"https:\/\/www.bradlo.cz\/index.php?rest_route=\/wp\/v2\/pages"}],"about":[{"href":"https:\/\/www.bradlo.cz\/index.php?rest_route=\/wp\/v2\/types\/page"}],"author":[{"embeddable":true,"href":"https:\/\/www.bradlo.cz\/index.php?rest_route=\/wp\/v2\/users\/2"}],"replies":[{"embeddable":true,"href":"https:\/\/www.bradlo.cz\/index.php?rest_route=%2Fwp%2Fv2%2Fcomments&post=1590"}],"version-history":[{"count":1,"href":"https:\/\/www.bradlo.cz\/index.php?rest_route=\/wp\/v2\/pages\/1590\/revisions"}],"predecessor-version":[{"id":1593,"href":"https:\/\/www.bradlo.cz\/index.php?rest_route=\/wp\/v2\/pages\/1590\/revisions\/1593"}],"wp:attachment":[{"href":"https:\/\/www.bradlo.cz\/index.php?rest_route=%2Fwp%2Fv2%2Fmedia&parent=1590"}],"curies":[{"name":"wp","href":"https:\/\/api.w.org\/{rel}","templated":true}]}}