{"id":1570,"date":"2024-10-09T12:39:52","date_gmt":"2024-10-09T10:39:52","guid":{"rendered":"https:\/\/www.bradlo.cz\/?page_id=1570"},"modified":"2024-10-09T12:39:53","modified_gmt":"2024-10-09T10:39:53","slug":"mudr-jan-bohumil-ceyp-z-peclinovce","status":"publish","type":"page","link":"https:\/\/www.bradlo.cz\/?page_id=1570","title":{"rendered":"MUDr. Jan Bohumil Ceyp z\u00a0Peclinovce"},"content":{"rendered":"<div class=\"wp-block-image\">\n<figure class=\"alignright size-full is-resized\"><img loading=\"lazy\" decoding=\"async\" width=\"218\" height=\"369\" src=\"https:\/\/www.bradlo.cz\/wp-content\/uploads\/2024\/10\/Ob9.png\" alt=\"\" class=\"wp-image-1572\" style=\"width:250px;height:auto\" srcset=\"https:\/\/www.bradlo.cz\/wp-content\/uploads\/2024\/10\/Ob9.png 218w, https:\/\/www.bradlo.cz\/wp-content\/uploads\/2024\/10\/Ob9-177x300.png 177w\" sizes=\"auto, (max-width: 218px) 100vw, 218px\" \/><\/figure>\n<\/div>\n\n\n<figure class=\"wp-block-image size-full is-resized\"><img loading=\"lazy\" decoding=\"async\" width=\"242\" height=\"361\" src=\"https:\/\/www.bradlo.cz\/wp-content\/uploads\/2024\/10\/Obr7.jpg\" alt=\"\" class=\"wp-image-1571\" style=\"width:293px;height:auto\" srcset=\"https:\/\/www.bradlo.cz\/wp-content\/uploads\/2024\/10\/Obr7.jpg 242w, https:\/\/www.bradlo.cz\/wp-content\/uploads\/2024\/10\/Obr7-201x300.jpg 201w\" sizes=\"auto, (max-width: 242px) 100vw, 242px\" \/><\/figure>\n\n\n\n<p><a href=\"https:\/\/czwiki.cz\/Obr%c3%a1zek\/Soubor:Jan_Bohumil_Ceyp_z_Peclinovce_(1835-1879).jpg\"><\/a>&nbsp;<\/p>\n\n\n\n<p>Jan Bohumil Ceyp z&nbsp;Peclinovce se narodil 8. prosince 1835 na Lipce \u010d. 1, byl pok\u0159t\u011bn 10. prosince 1835 lokalistou Karlem Tlust\u00fdm na Modlet\u00edn\u011b a v&nbsp;do matriky zaps\u00e1n jako Jan Nep. Martin Bohum\u00edr Ceyp. Poch\u00e1zel ze star\u00e9ho \u0161lechtick\u00e9ho rodu. &nbsp;Porodn\u00ed b\u00e1bou byla Anna Kudl\u00e1\u010dkov\u00e1 z&nbsp;Lipky \u010d. 4.<\/p>\n\n\n\n<p>Jeho otec Jan Nep. Ceyp ryt\u00ed\u0159 z&nbsp;Peclinovce (+18. srpna 1850) byl hospod\u00e1\u0159sk\u00fdm spr\u00e1vcem na Lipce \u010d. 1 a pozd\u011bji pojezdn\u00fdm na panstv\u00ed kn\u00ed\u017eete Auersperga, byl synem Jana Nep. z&nbsp;Peclinovce, po\u0161mistra z&nbsp;Ho\u0159ic \u010d. 10 a jeho matka Franti\u0161ka, rozen\u00e1 Vl\u010dkov\u00e1 poch\u00e1zela z&nbsp;Ji\u010d\u00edna \u010d. 98.<\/p>\n\n\n\n<p>Jeho matka Kate\u0159ina (+18. srpna 1850) byla dcerou Martina Kosaka (Koz\u00e1ka), hostinsk\u00e9ho z&nbsp;Nasavrk \u010d. 21 a jej\u00ed matka Barbara, rozen\u00e1 Slav\u00edkov\u00e1 z&nbsp;Krasenina \u010d. 7.<\/p>\n\n\n\n<p>Jan Bohumil Ceyp z&nbsp;Pecl\u00ednovce v&nbsp;15 letech osi\u0159el, kdy\u017e oba rodi\u010de v&nbsp;jednom dni roku 1850 zem\u0159eli na choleru. Jeho a&nbsp; p\u011bti osi\u0159el\u00fdch sourozenc\u016f se ujali p\u0159\u00edbuzn\u00ed. O jeho sestru Terezii Ceypovou, kter\u00e1 se narodila 25. srpna 1844 ve \u017dlebech, se ujala rodina lesn\u00edho Franti\u0161ka Ferdinandiho v&nbsp;Ob\u0159\u00edstv\u00ed (Ferdinandi byl kmotrem Jana Nep. Martina Buhum\u00edra Ceypa \u2013 znamen\u00e1 to, \u017ee zav\u00edtal na Modlet\u00edn i Lipku p\u0159i jeho k\u0159tu). Pozd\u011bji se o Terezii postaral jej\u00ed nejstar\u0161\u00ed bratr, psychiatr Jan Bohumil Ceyp z&nbsp;Peclinovce, kter\u00fd ji nechal vystudovat u\u010ditelsk\u00fd \u00fastav Ur\u0161ulinek v&nbsp;Praze.<\/p>\n\n\n\n<p>Jan Bohumil Ceyp z&nbsp;Pecl\u00ednovce absolvoval gymn\u00e1zium v&nbsp;N\u011bmeck\u00e9m Brod\u011b a v&nbsp;Praze, potom pra\u017eskou l\u00e9ka\u0159skou fakultu. Po p\u011btilet\u00e9 praxi ve V\u0161eobecn\u00e9 nemocnici se od roku 1866 v\u011bnoval l\u00e9\u010den\u00ed du\u0161en\u00edch chorob. Stal se p\u0159edn\u00edm pra\u017esk\u00fdm psychiatrem, prim\u00e1\u0159em \u00fastavu choromysln\u00fdch v&nbsp;Bohnic\u00edch. Mimo publikace odborn\u00fdch \u010dl\u00e1nk\u016f do \u010casopisu \u010desk\u00fdch l\u00e9ka\u0159\u016f, nap\u0159. o Basedovsk\u00e9 nemoci, sp\u00e1le, p\u0159\u00edjici, z\u00e1n\u011btu jater a du\u0161evn\u00edch poruch\u00e1ch, byl i b\u00e1sn\u00edkem. V&nbsp;roce 1856 vydal sb\u00edrku balad Zvuky ve\u010dern\u00ed.<\/p>\n\n\n\n<p>Nebyl p\u0159\u00edli\u0161 spole\u010densk\u00fd, ale byl oce\u0148ovan\u00fd jako ob\u011btav\u00fd l\u00e9ka\u0159 a oddan\u00fd p\u0159\u00edtel. Zem\u0159el svobodn\u00fd v&nbsp;pom\u011brn\u011b mlad\u00e9m v\u011bku 44 let na mrtvici n\u00e1sledovanou z\u00e1palem plic dne 23. srpna 1879 v Praze. Byl poh\u0159ben na Ol\u0161anech.<\/p>\n\n\n\n<p><strong>D\u00edlo:<\/strong><strong><\/strong><\/p>\n\n\n\n<p>Vedle odborn\u00fdch l\u00e9ka\u0159sk\u00fdch \u010dl\u00e1nk\u016f vydal v roce&nbsp;<a href=\"https:\/\/czwiki.cz\/Lexikon\/1856\">1856<\/a>&nbsp;sb\u00edrku&nbsp;<a href=\"https:\/\/czwiki.cz\/Lexikon\/Balada\">balad<\/a>,&nbsp;<em>Zvuky ve\u010dern\u00ed<\/em>. Byla ps\u00e1na ve star\u00e9m stylu, neodpov\u00eddala dobov\u00e9mu vkusu a nem\u011bla v\u011bt\u0161\u00edho ohlasu u \u010dten\u00e1\u0159\u016f. V b\u00e1sn\u00edch p\u00ed\u0161e o l\u00e1sce, hrdinstv\u00ed, vyzn\u00edv\u00e1 z nich romantika a sm\u00ed\u0159liv\u00fd t\u00f3n. N\u011bkter\u00e9 z nich p\u0159elo\u017eil&nbsp;<a href=\"https:\/\/czwiki.cz\/Lexikon\/Alfred_Waldau\">Alfred Waldau<\/a>&nbsp;do n\u011bm\u010diny.<strong><\/strong><\/p>\n\n\n\n<p><strong>Zdroj:<\/strong><strong><\/strong><\/p>\n\n\n\n<p><a href=\"https:\/\/czwiki.cz\/Lexikon\/Jan_Bohumil_Ceyp_z_Peclinovce\">https:\/\/czwiki.cz\/Lexikon\/Jan_Bohumil_Ceyp_z_Peclinovce<\/a><\/p>\n\n\n\n<figure class=\"wp-block-embed is-type-wp-embed is-provider-chrudimka-cz wp-block-embed-chrudimka-cz\"><div class=\"wp-block-embed__wrapper\">\n<blockquote class=\"wp-embedded-content\" data-secret=\"ZOPJSoW77L\"><a href=\"https:\/\/www.chrudimka.cz\/basnik-a-psychiatr-jan-bohumil-ceyp-z-peclinovce\">B\u00e1sn\u00edk a psychiatr Jan Bohumil Ceyp z Peclinovce<\/a><\/blockquote><iframe loading=\"lazy\" class=\"wp-embedded-content\" sandbox=\"allow-scripts\" security=\"restricted\" style=\"position: absolute; visibility: hidden;\" title=\"&#8222;B\u00e1sn\u00edk a psychiatr Jan Bohumil Ceyp z Peclinovce&#8220; &#8212; Chrudimka.cz\" src=\"https:\/\/www.chrudimka.cz\/basnik-a-psychiatr-jan-bohumil-ceyp-z-peclinovce\/embed#?secret=gAOmKKk8gl#?secret=ZOPJSoW77L\" data-secret=\"ZOPJSoW77L\" width=\"600\" height=\"338\" frameborder=\"0\" marginwidth=\"0\" marginheight=\"0\" scrolling=\"no\"><\/iframe>\n<\/div><\/figure>\n\n\n\n<p><a href=\"https:\/\/czwiki.cz\/Lexikon\/Cejpov%c3%a9_z_Peclinovce\">https:\/\/czwiki.cz\/Lexikon\/Cejpov%c3%a9_z_Peclinovce<\/a><\/p>\n\n\n\n<p><a href=\"http:\/\/rodopisna-revue.tode.cz\/2016-1\/18_skock-moser.pdf\">http:\/\/rodopisna-revue.tode.cz\/2016-1\/18_skock-moser.pdf<\/a><\/p>\n\n\n\n<p><a href=\"https:\/\/czwiki.cz\/Lexikon\/Jan_Bohumil_Ceyp_z_Peclinovce#cite_ref-HD194415_1-0\">\u2191<\/a>&nbsp;Ceyp z Peclinovce aneb Nahl\u00e9dn\u011bte do literatury.&nbsp;<em>Heraldick\u00fd dopis<\/em>. 1944-11-30, ro\u010d. 1944, \u010d\u00eds. 15, s. 260\u2013261.&nbsp;<a href=\"http:\/\/www.historie.hranet.cz\/heraldika\/hd\/hd15.pdf\">Dostupn\u00e9 online<\/a>&nbsp;[cit. 2011-06-11].<\/p>\n\n\n\n<p>\u2191&nbsp;<a href=\"https:\/\/czwiki.cz\/Lexikon\/Jan_Bohumil_Ceyp_z_Peclinovce#cite_ref-NarL18790824_2-0\"><strong><em><sup>a<\/sup><\/em><\/strong><\/a>&nbsp;<a href=\"https:\/\/czwiki.cz\/Lexikon\/Jan_Bohumil_Ceyp_z_Peclinovce#cite_ref-NarL18790824_2-1\"><strong><em><sup>b<\/sup><\/em><\/strong><\/a>&nbsp;<a href=\"https:\/\/czwiki.cz\/Lexikon\/Jan_Bohumil_Ceyp_z_Peclinovce#cite_ref-NarL18790824_2-2\"><strong><em><sup>c<\/sup><\/em><\/strong><\/a>&nbsp;<a href=\"https:\/\/czwiki.cz\/Lexikon\/Jan_Bohumil_Ceyp_z_Peclinovce#cite_ref-NarL18790824_2-3\"><strong><em><sup>d<\/sup><\/em><\/strong><\/a>&nbsp;Jan Boh. Ceyp z Peclinovce.&nbsp;<a href=\"https:\/\/czwiki.cz\/Lexikon\/N%c3%a1rodn%c3%ad_listy\"><em>N\u00e1rodn\u00ed listy<\/em><\/a>. 1879-08-24, ro\u010d. 19, \u010d\u00eds. 202, s. 2.&nbsp;<a href=\"http:\/\/kramerius.nkp.cz\/kramerius\/handle\/ABA001\/6508200\">Dostupn\u00e9 online<\/a>&nbsp;[cit. 2011-06-11].<\/p>\n\n\n\n<p><a href=\"https:\/\/czwiki.cz\/Lexikon\/Jan_Bohumil_Ceyp_z_Peclinovce#cite_ref-3\">\u2191<\/a>&nbsp;Onemocn\u011bn\u00ed&nbsp;<a href=\"https:\/\/czwiki.cz\/Lexikon\/%c5%a0t%c3%adtn%c3%a1_%c5%bel%c3%a1za\">\u0161t\u00edtn\u00e9 \u017el\u00e1zy<\/a>; viz nap\u0159.&nbsp;<a href=\"https:\/\/czwiki.cz\/Lexikon\/Emerich_Maixner\">MAIXNER, Emerich<\/a>. Basedowova nemoc. In:&nbsp;<em>Ott\u016fv slovn\u00edk nau\u010dn\u00fd<\/em>. Praha: Jan Otto, 1889.&nbsp;<a href=\"http:\/\/www.archive.org\/stream\/ottvslovnknauni00ottogoog#page\/n431\/mode\/2up\">Dostupn\u00e9 online<\/a>. Svazek 2. S.&nbsp;420.&nbsp;nebo&nbsp;<a href=\"https:\/\/www.wikiskripta.eu\/index.php\/Gravesova-Basedowova_nemoc\">Gravesova-Basedowova nemoc na www.wikiskripta.eu<\/a><\/p>\n\n\n\n<p>\u2191&nbsp;<a href=\"https:\/\/czwiki.cz\/Lexikon\/Jan_Bohumil_Ceyp_z_Peclinovce#cite_ref-NarL18790828_4-0\"><strong><em><sup>a<\/sup><\/em><\/strong><\/a>&nbsp;<a href=\"https:\/\/czwiki.cz\/Lexikon\/Jan_Bohumil_Ceyp_z_Peclinovce#cite_ref-NarL18790828_4-1\"><strong><em><sup>b<\/sup><\/em><\/strong><\/a>&nbsp;<a href=\"https:\/\/czwiki.cz\/Lexikon\/Jan_Neruda\">NERUDA, Jan<\/a>. Jan Bohumil Ceyp z Peclinovce.&nbsp;<a href=\"https:\/\/czwiki.cz\/Lexikon\/N%c3%a1rodn%c3%ad_listy\"><em>N\u00e1rodn\u00ed listy<\/em><\/a>. 1879-08-28, ro\u010d. 19, \u010d\u00eds. 205, s. 1.&nbsp;<a href=\"http:\/\/kramerius.nkp.cz\/kramerius\/handle\/ABA001\/6508259\">Dostupn\u00e9 online<\/a>&nbsp;[cit. 2011-06-11].<\/p>\n\n\n\n<p><a href=\"https:\/\/czwiki.cz\/Lexikon\/Jan_Bohumil_Ceyp_z_Peclinovce#cite_ref-NarL18790826_5-0\">\u2191<\/a>&nbsp;Zem\u0159el\u00ed v Praze.&nbsp;<a href=\"https:\/\/czwiki.cz\/Lexikon\/N%c3%a1rodn%c3%ad_listy\"><em>N\u00e1rodn\u00ed listy<\/em><\/a>. 1879-08-26, ro\u010d. 19, \u010d\u00eds. 203, s. 3.&nbsp;<a href=\"http:\/\/kramerius.nkp.cz\/kramerius\/handle\/ABA001\/6508140\">Dostupn\u00e9 online<\/a>&nbsp;[cit. 2011-06-11].<\/p>\n\n\n\n<p>VO\u0160AHL\u00cdKOV\u00c1, Pavla, a kol.&nbsp;<em>Biografick\u00fd slovn\u00edk \u010desk\u00fdch zem\u00ed&nbsp;: 9. se\u0161it&nbsp;: C<\/em>. Praha: Libri, 2008. 369\u2013502&nbsp;s.&nbsp;<a href=\"https:\/\/czwiki.cz\/Lexikon\/International_Standard_Book_Number\">ISBN<\/a>&nbsp;978-80-7277-366-4. S.&nbsp;407.<\/p>\n\n\n\n<p><a href=\"https:\/\/czwiki.cz\/Obr%c3%a1zek\/Soubor:Z%c3%a1pis_narozen%c3%ad_Jan_Bohumil_Ceyp.jpg\">Z\u00e1pis narozen\u00ed Jan Bohumil Ceyp.jpg<\/a><br><br><\/p>\n\n\n\n<p><\/p>\n","protected":false},"excerpt":{"rendered":"<p>&nbsp; Jan Bohumil Ceyp z&nbsp;Peclinovce se narodil 8. prosince 1835 na Lipce \u010d. 1, byl pok\u0159t\u011bn 10. prosince 1835 lokalistou Karlem Tlust\u00fdm na Modlet\u00edn\u011b a v&nbsp;do matriky zaps\u00e1n jako Jan Nep. Martin Bohum\u00edr Ceyp. Poch\u00e1zel ze star\u00e9ho \u0161lechtick\u00e9ho rodu. &nbsp;Porodn\u00ed b\u00e1bou byla Anna Kudl\u00e1\u010dkov\u00e1 z&nbsp;Lipky \u010d. 4. Jeho otec Jan Nep. Ceyp ryt\u00ed\u0159 z&nbsp;Peclinovce (+18. &hellip; <a href=\"https:\/\/www.bradlo.cz\/?page_id=1570\" class=\"more-link\">Pokra\u010dov\u00e1n\u00ed textu <span class=\"screen-reader-text\">MUDr. Jan Bohumil Ceyp z\u00a0Peclinovce<\/span><\/a><\/p>\n","protected":false},"author":2,"featured_media":0,"parent":0,"menu_order":0,"comment_status":"open","ping_status":"closed","template":"","meta":{"footnotes":""},"class_list":["post-1570","page","type-page","status-publish","hentry"],"_links":{"self":[{"href":"https:\/\/www.bradlo.cz\/index.php?rest_route=\/wp\/v2\/pages\/1570","targetHints":{"allow":["GET"]}}],"collection":[{"href":"https:\/\/www.bradlo.cz\/index.php?rest_route=\/wp\/v2\/pages"}],"about":[{"href":"https:\/\/www.bradlo.cz\/index.php?rest_route=\/wp\/v2\/types\/page"}],"author":[{"embeddable":true,"href":"https:\/\/www.bradlo.cz\/index.php?rest_route=\/wp\/v2\/users\/2"}],"replies":[{"embeddable":true,"href":"https:\/\/www.bradlo.cz\/index.php?rest_route=%2Fwp%2Fv2%2Fcomments&post=1570"}],"version-history":[{"count":1,"href":"https:\/\/www.bradlo.cz\/index.php?rest_route=\/wp\/v2\/pages\/1570\/revisions"}],"predecessor-version":[{"id":1573,"href":"https:\/\/www.bradlo.cz\/index.php?rest_route=\/wp\/v2\/pages\/1570\/revisions\/1573"}],"wp:attachment":[{"href":"https:\/\/www.bradlo.cz\/index.php?rest_route=%2Fwp%2Fv2%2Fmedia&parent=1570"}],"curies":[{"name":"wp","href":"https:\/\/api.w.org\/{rel}","templated":true}]}}