{"id":1565,"date":"2024-10-09T12:27:41","date_gmt":"2024-10-09T10:27:41","guid":{"rendered":"https:\/\/www.bradlo.cz\/?page_id=1565"},"modified":"2024-10-09T12:28:57","modified_gmt":"2024-10-09T10:28:57","slug":"akademik-univ-prof-phdr-jan-eisner-dr-h-c","status":"publish","type":"page","link":"https:\/\/www.bradlo.cz\/?page_id=1565","title":{"rendered":"Akademik, univ. prof. PhDr. Jan Eisner, dr. h. c. \u00a0"},"content":{"rendered":"<div class=\"wp-block-image\">\n<figure class=\"aligncenter size-full\"><img loading=\"lazy\" decoding=\"async\" width=\"422\" height=\"554\" src=\"https:\/\/www.bradlo.cz\/wp-content\/uploads\/2024\/10\/Obr5.jpg\" alt=\"\" class=\"wp-image-1566\" srcset=\"https:\/\/www.bradlo.cz\/wp-content\/uploads\/2024\/10\/Obr5.jpg 422w, https:\/\/www.bradlo.cz\/wp-content\/uploads\/2024\/10\/Obr5-229x300.jpg 229w\" sizes=\"auto, (max-width: 422px) 100vw, 422px\" \/><\/figure>\n<\/div>\n\n\n<p><a href=\"https:\/\/czwiki.cz\/Obr%c3%a1zek\/Soubor:Eisner.jpg\"><\/a><\/p>\n\n\n\n<p>Jan Eisner se narodil 26. dubna 1885 v&nbsp;Doln\u00edm Bradle \u010d. 17. Byl pok\u0159t\u011bn far\u00e1\u0159em Aloisem Chaloupkou dne 3.&nbsp;kv\u011btna 1885. Jeho otec Josef Eisner byl skl\u00e1\u0159e a synem Franti\u0161ka Eisnera, skl\u00e1\u0159e a man\u017eelky jeho Al\u017eb\u011bty, dcery Anton\u00edna Partyka z&nbsp;Doln\u00edho Bradla \u010d. 18. Matka Franti\u0161ka byla dcerou Jana Z\u00e1ruby, roln\u00edka ze St\u0159\u00edte\u017ee \u010d. 7 a man\u017eelky jeho Franti\u0161ky, dcery Josefa Stehny ze Sp\u00e1lavy \u010d. 4. Za kmotry mu byli Jan Z\u00e1ruba, syn Jana Z\u00e1ruby, roln\u00edka ze St\u0159\u00edte\u017ee \u010d. 7 a Josef Partyk, syn Anton\u00edna Partyka, skl\u00e1\u0159e z&nbsp;Doln\u00edho Bradla \u010d. 17.<\/p>\n\n\n\n<p>V&nbsp;matrice je vlo\u017een\u00fd l\u00edstek t\u00fdkaj\u00edc\u00ed se jeho \u00famrt\u00ed, kter\u00fd sepsal Emil Wild, matrik\u00e1\u0159: \u201eZde zapsan\u00fd Jan Eisner, zem\u0159el v&nbsp;Praze dne 2. kv\u011btna 1967 jako: akademik, \u0159\u00e1dn\u00fd \u010dlen \u010csl. Akademie v\u011bd, v\u00fdznamn\u00fd p\u0159edstavitel slovansk\u00e9 archeologie. Prof. Dr. Jan Eisner byl \u010dlenem n\u011bkolika u\u010den\u00fdch spole\u010dnost\u00ed, Laur\u00e1etem st. ceny, nositelem \u0159\u00e1du republiky. P\u016fsobi\u0161t\u011b: Komensk\u00e9ho universita, d\u011bkanem fil. Fakulty a Karlova univerzita Praha. V\u011bdeck\u00e1 literatura: \u201eSlovensko v&nbsp;prav\u011bku\u201c (z\u00e1klad slov. archeologie), \u201eDev\u00ednsk\u00e1 Nov\u00e1 Ves\u201c (st\u00e1tn\u00ed cena), \u201eRukov\u011b\u0165 slovansk\u00e9 archeologie\u201c.\u201c&nbsp;<\/p>\n\n\n\n<p>Jan Eisner v roce 1895 nastoupil do gymn\u00e1zia v Chrudimi. V letech&nbsp;<a href=\"https:\/\/czwiki.cz\/Lexikon\/1903\">1903<\/a>\u2013<a href=\"https:\/\/czwiki.cz\/Lexikon\/1908\">08<\/a>&nbsp;vystudoval na&nbsp;<a href=\"https:\/\/czwiki.cz\/Lexikon\/Filozofick%c3%a1_fakulta_Univerzity_Karlovy\">FF UK<\/a>&nbsp;d\u011bjepis a zem\u011bpis; Dne 16. prosince 1908 slo\u017eil st\u00e1tn\u00ed zkou\u0161ku profesorskou a 9. \u010dervence 1910 studium zavr\u0161il&nbsp;disertac\u00ed v oboru archeologie a z\u00edskal titul&nbsp;<a href=\"https:\/\/czwiki.cz\/Lexikon\/Doktor_filozofie\">PhDr.<\/a>&nbsp;P\u0159ed&nbsp;<a href=\"https:\/\/czwiki.cz\/Lexikon\/Prvn%c3%ad_sv%c4%9btov%c3%a1_v%c3%a1lka\">1. sv\u011btovou v\u00e1lkou<\/a>&nbsp;u\u010dil na st\u0159edn\u00edch \u0161kol\u00e1ch v&nbsp;<a href=\"https:\/\/czwiki.cz\/Lexikon\/Praha\">Praze<\/a>&nbsp;(<a href=\"https:\/\/czwiki.cz\/Lexikon\/Re%c3%a1ln%c3%a9_gymn%c3%a1zium_v_Je%c4%8dn%c3%a9\">gymn\u00e1zium v Je\u010dn\u00e9<\/a>, 1912\u201313) a&nbsp;<a href=\"https:\/\/czwiki.cz\/Lexikon\/Pardubice\">Pardubic\u00edch<\/a>. Jako rakousk\u00fd d\u016fstojn\u00edk musel hned na za\u010d\u00e1tku v\u00e1lky nastoupit do arm\u00e1dy. 20. listopadu 1914 byl na srbsk\u00e9m boji\u0161ti ran\u011bn. Ze sv\u00e9ho zran\u011bn\u00ed se dlouho l\u00e9\u010dil. S arm\u00e1dou se dostal na Slovensko do P\u00fachova. Zamiloval si tuto zem a z\u016fstal jako profesor na gymn\u00e1ziu nejprve v Martin\u011b a pak p\u0159e\u0161el do Bratislavy.&nbsp;Na popud&nbsp;<a href=\"https:\/\/czwiki.cz\/Lexikon\/Lubor_Niederle\">Lubora Niederleho<\/a>&nbsp;na Slovensku z\u016fstal, aby zde zavedl odbornou archeologii. V&nbsp;<a href=\"https:\/\/czwiki.cz\/Lexikon\/Bratislava\">Bratislav\u011b<\/a>&nbsp;p\u016fsobil jako p\u0159edseda archeologicko-historick\u00e9 sekce&nbsp;Slovensk\u00e9ho muzea&nbsp;a zemsk\u00fd konzerv\u00e1tor&nbsp;St\u00e1tn\u00edho archeologick\u00e9ho \u00fastavu pro Slovensko. Na Bratislavsk\u00e9&nbsp;Univerzit\u011b Komensk\u00e9ho&nbsp;vychov\u00e1val po jej\u00edm zalo\u017een\u00ed prvn\u00ed generaci slovensk\u00fdch archeolog\u016f a stal se postupn\u011b docentem, mimo\u0159\u00e1dn\u00fdm a \u0159\u00e1dn\u00fdm profesorem (<a href=\"https:\/\/czwiki.cz\/Lexikon\/1934\">1934<\/a>). P\u016fsobil tak\u00e9 jako&nbsp;<a href=\"https:\/\/czwiki.cz\/Lexikon\/D%c4%9bkan\">d\u011bkan<\/a>&nbsp;<a href=\"https:\/\/czwiki.cz\/Lexikon\/Univerzita_Komensk%c3%a9ho_v_Bratislav%c4%9b\">FF Univerzity Komensk\u00e9ho<\/a>&nbsp;v letech (<a href=\"https:\/\/czwiki.cz\/Lexikon\/1938\">1938<\/a>\u2013<a href=\"https:\/\/czwiki.cz\/Lexikon\/1939\">39<\/a>). Pom\u00e1hal rozvoji meziv\u00e1le\u010dn\u00e9ho slovensk\u00e9ho muzejnictv\u00ed a pam\u00e1tkov\u00e9 p\u00e9\u010de a ustavil koncepci v\u00fdzkumu&nbsp;<a href=\"https:\/\/czwiki.cz\/Lexikon\/Prav%c4%9bk\">prav\u011bku<\/a>&nbsp;na Slovensku. V roce 1939 se musel vr\u00e1tit do&nbsp;<a href=\"https:\/\/czwiki.cz\/Lexikon\/%c4%8cechy\">\u010cech<\/a>. Po v\u00e1lce byl roku&nbsp;<a href=\"https:\/\/czwiki.cz\/Lexikon\/1945\">1945<\/a>&nbsp;jmenov\u00e1n \u0159\u00e1dn\u00fdm profesorem v\u0161eobecn\u00e9 prehistorick\u00e9 archeologie na&nbsp;<a href=\"https:\/\/czwiki.cz\/Lexikon\/Filozofick%c3%a1_fakulta_Univerzity_Karlovy\">FF UK<\/a>. Na UK p\u016fsobil do roku&nbsp;<a href=\"https:\/\/czwiki.cz\/Lexikon\/1957\">1957<\/a>. Od roku&nbsp;<a href=\"https:\/\/czwiki.cz\/Lexikon\/1946\">1946<\/a>&nbsp;byl \u010dlenem&nbsp;<a href=\"https:\/\/czwiki.cz\/Lexikon\/%c4%8ceskoslovensk%c3%a1_akademie_v%c4%9bd\">\u010cSAV<\/a>&nbsp;a p\u016fsobil na&nbsp;Slovansk\u00e9m \u00fastavu&nbsp;jako vedouc\u00ed historick\u00e9ho odd\u011blen\u00ed. Redigoval sborn\u00edk&nbsp;Vznik a po\u010d\u00e1tky Slovan\u016f&nbsp;a byl p\u0159edsedou Spole\u010dnosti \u010dsl. prehistorik\u016f, \u010csSA a N\u00e1rodopisn\u00e9 spole\u010dnosti \u010deskoslovensk\u00e9.<\/p>\n\n\n\n<p>Od p\u016fvodn\u00edho zam\u011b\u0159en\u00ed na archeologii&nbsp;<a href=\"https:\/\/czwiki.cz\/Lexikon\/Doba_bronzov%c3%a1\">doby bronzov\u00e9<\/a>&nbsp;posl\u00e9ze p\u0159e\u0161el k archeologii ran\u00fdch Slovan\u016f, kter\u00e9 se ji\u017e pln\u011b v\u011bnoval po n\u00e1vratu do&nbsp;<a href=\"https:\/\/czwiki.cz\/Lexikon\/%c4%8cechy\">\u010cech<\/a>. Na Slovensku prov\u00e1d\u011bl rozs\u00e1hl\u00e9 ter\u00e9nn\u00ed v\u00fdzkumy na lokalit\u00e1ch&nbsp;<a href=\"https:\/\/czwiki.cz\/Lexikon\/Dev%c3%adnska_Nov%c3%a1_Ves\">Dev\u00ednska Nov\u00e1 Ves<\/a>&nbsp;a&nbsp;<a href=\"https:\/\/czwiki.cz\/Lexikon\/Dev%c3%adn\">Dev\u00edn<\/a>. Zapo\u010dal pr\u00e1ci na sv\u00e9m d\u00edle&nbsp;Rukov\u011b\u0165 slovansk\u00e9 archeologie,&nbsp;shrnuj\u00edc\u00edm poznatky o ran\u00fdch Slovanech, je\u017e v\u0161ak kv\u016fli ztr\u00e1t\u011b zraku nemohl dokon\u010dit.<\/p>\n\n\n\n<p>Dne 14. kv\u011btna 1955 byl jmenov\u00e1n \u010destn\u00fdm ob\u010danem Horn\u00edho Bradla. Zem\u0159el 2. kv\u011btna 1967 v&nbsp;Praze.<\/p>\n\n\n<div class=\"wp-block-image\">\n<figure class=\"aligncenter size-full is-resized\"><img loading=\"lazy\" decoding=\"async\" width=\"220\" height=\"293\" src=\"https:\/\/www.bradlo.cz\/wp-content\/uploads\/2024\/10\/Obr6.jpg\" alt=\"\" class=\"wp-image-1567\" style=\"width:367px;height:auto\"\/><\/figure>\n<\/div>\n\n\n<p><a href=\"https:\/\/czwiki.cz\/Obr%c3%a1zek\/Soubor:Hrob_Jana_Eisnera.jpg\"><\/a><\/p>\n\n\n\n<p>Hrob Jana Eisnera v Praze na Ol\u0161ansk\u00fdch h\u0159bitovech<\/p>\n\n\n\n<p><strong>D\u00edlo:<\/strong><strong><\/strong><\/p>\n\n\n\n<ul class=\"wp-block-list\">\n<li>Slovensko v prav\u011bku.\u00a0Bratislava 1933.<\/li>\n\n\n\n<li>Nitra\u00a0: Dejiny a umenie nitransk\u00e9ho z\u00e1mku\u00a0: Na pamiatku knie\u017ea\u0165a Pribinu.\u00a0Trnava 1933.<\/li>\n\n\n\n<li>Dev\u00ednska Nov\u00e1 Ves\u00a0: Slovansk\u00e9 poh\u0159ebi\u0161t\u011b.\u00a0Bratislava 1952.<\/li>\n\n\n\n<li>Rukov\u011b\u0165 slovansk\u00e9 archeologie\u00a0: po\u010d\u00e1tky Slovan\u016f a jejich kultury.\u00a0Praha 1966.<\/li>\n<\/ul>\n\n\n\n<p><strong>Zdroje:<\/strong><\/p>\n\n\n\n<p>SKLEN\u00c1\u0158, Karel; SKLEN\u00c1\u0158OV\u00c1, Zuzana.&nbsp;Biografick\u00fd slovn\u00edk \u010desk\u00fdch, moravsk\u00fdch a slezsk\u00fdch archeolog\u016f. Redakce Hana Petrov\u00e1. Praha: Libri, s.r.o., 2005.&nbsp;<a href=\"https:\/\/czwiki.cz\/Lexikon\/International_Standard_Book_Number\">ISBN<\/a>&nbsp;80-7277-253-8. S.&nbsp;156,157.<strong><\/strong><\/p>\n\n\n\n<p><a href=\"https:\/\/czwiki.cz\/Lexikon\/Jan_Eisner\">https:\/\/czwiki.cz\/Lexikon\/Jan_Eisner<\/a><\/p>\n\n\n\n<p><a href=\"https:\/\/www.arup.cas.cz\/kontakty\/personalia\/emeritni-pracovnici\/eisner-jan\">https:\/\/www.arup.cas.cz\/kontakty\/personalia\/emeritni-pracovnici\/eisner-jan<\/a><\/p>\n\n\n\n<p><a href=\"http:\/\/biography.hiu.cas.cz\/Personal\/index.php\/EISNER_Jan_26.4.1885-2.5.1967\">http:\/\/biography.hiu.cas.cz\/Personal\/index.php\/EISNER_Jan_26.4.1885-2.5.1967<\/a><\/p>\n\n\n\n<p><a href=\"https:\/\/provenio.net\/media-viewer?origin=https:%2F%2Fprovenio.net%2Fauthorities%2F92933&amp;rootDirectory=130075#!?file=278693\">https:\/\/provenio.net\/media-viewer?origin=https:%2F%2Fprovenio.net%2Fauthorities%2F92933&amp;rootDirectory=130075#!?file=278693<\/a><\/p>\n\n\n\n<p><a href=\"http:\/\/abicko.avcr.cz\/2010\/04\/13\/\">http:\/\/abicko.avcr.cz\/2010\/04\/13\/<\/a><\/p>\n\n\n\n<p><a href=\"https:\/\/www.academia.edu\/15574354\/Jan_Eisner_1885_1967\">https:\/\/www.academia.edu\/15574354\/Jan_Eisner_1885_1967<\/a><\/p>\n","protected":false},"excerpt":{"rendered":"<p>Jan Eisner se narodil 26. dubna 1885 v&nbsp;Doln\u00edm Bradle \u010d. 17. Byl pok\u0159t\u011bn far\u00e1\u0159em Aloisem Chaloupkou dne 3.&nbsp;kv\u011btna 1885. Jeho otec Josef Eisner byl skl\u00e1\u0159e a synem Franti\u0161ka Eisnera, skl\u00e1\u0159e a man\u017eelky jeho Al\u017eb\u011bty, dcery Anton\u00edna Partyka z&nbsp;Doln\u00edho Bradla \u010d. 18. Matka Franti\u0161ka byla dcerou Jana Z\u00e1ruby, roln\u00edka ze St\u0159\u00edte\u017ee \u010d. 7 a man\u017eelky jeho &hellip; <a href=\"https:\/\/www.bradlo.cz\/?page_id=1565\" class=\"more-link\">Pokra\u010dov\u00e1n\u00ed textu <span class=\"screen-reader-text\">Akademik, univ. prof. PhDr. Jan Eisner, dr. h. c. \u00a0<\/span><\/a><\/p>\n","protected":false},"author":2,"featured_media":0,"parent":0,"menu_order":0,"comment_status":"open","ping_status":"closed","template":"","meta":{"footnotes":""},"class_list":["post-1565","page","type-page","status-publish","hentry"],"_links":{"self":[{"href":"https:\/\/www.bradlo.cz\/index.php?rest_route=\/wp\/v2\/pages\/1565","targetHints":{"allow":["GET"]}}],"collection":[{"href":"https:\/\/www.bradlo.cz\/index.php?rest_route=\/wp\/v2\/pages"}],"about":[{"href":"https:\/\/www.bradlo.cz\/index.php?rest_route=\/wp\/v2\/types\/page"}],"author":[{"embeddable":true,"href":"https:\/\/www.bradlo.cz\/index.php?rest_route=\/wp\/v2\/users\/2"}],"replies":[{"embeddable":true,"href":"https:\/\/www.bradlo.cz\/index.php?rest_route=%2Fwp%2Fv2%2Fcomments&post=1565"}],"version-history":[{"count":1,"href":"https:\/\/www.bradlo.cz\/index.php?rest_route=\/wp\/v2\/pages\/1565\/revisions"}],"predecessor-version":[{"id":1568,"href":"https:\/\/www.bradlo.cz\/index.php?rest_route=\/wp\/v2\/pages\/1565\/revisions\/1568"}],"wp:attachment":[{"href":"https:\/\/www.bradlo.cz\/index.php?rest_route=%2Fwp%2Fv2%2Fmedia&parent=1565"}],"curies":[{"name":"wp","href":"https:\/\/api.w.org\/{rel}","templated":true}]}}