{"id":1538,"date":"2024-10-08T10:57:02","date_gmt":"2024-10-08T08:57:02","guid":{"rendered":"https:\/\/www.bradlo.cz\/?page_id=1538"},"modified":"2024-10-09T11:30:50","modified_gmt":"2024-10-09T09:30:50","slug":"osobnosti-bradla-a-okolnich-vesnic","status":"publish","type":"page","link":"https:\/\/www.bradlo.cz\/?page_id=1538","title":{"rendered":"Osobnosti Bradla a okoln\u00edch vesnic."},"content":{"rendered":"\n<p>Do historie obc\u00ed se zapsalo n\u011bkolik osobnost\u00ed. Jde o osobnosti v\u00fdznamn\u00e9 sv\u00fdm d\u00edlem \u010di kon\u00e1n\u00edm v&nbsp;obc\u00edch nebo za jejich hranicemi. N\u011bkter\u00e9 se v&nbsp;obc\u00edch narodily, zem\u0159ely, pob\u00fdvaly, p\u0159isp\u011bly k&nbsp;zveleben\u00ed obce nebo k&nbsp;rozvoji cel\u00e9 spole\u010dnosti.<\/p>\n\n\n\n<p>Na str\u00e1nk\u00e1ch nebudu osobnosti uv\u00e1d\u011bt podle v\u00fdznamnosti, to bych si ani nedovolil a nejsem schopen ani naj\u00edt pravidlo, podle kter\u00e9ho bych tak u\u010dinil. Ka\u017ed\u00e1 osobnost m\u011bla a m\u00e1 sv\u016fj v\u00fdznam.<\/p>\n\n\n\n<p>Pro obec, pro vnit\u0159n\u00ed \u017eivot obce, m\u011bli p\u0159edev\u0161\u00edm v\u00fdznam p\u0159edstavitel\u00e9 obc\u00ed, u\u010ditel\u00e9, far\u00e1\u0159i, majitel\u00e9 tov\u00e1ren, obchod\u016f a ostatn\u00edch nemovitost\u00ed, kte\u0159\u00ed zabezpe\u010dovali poskytov\u00e1n\u00edm pracovn\u00edch p\u0159\u00edle\u017eitost\u00ed kvalitn\u011bj\u0161\u00ed \u017eivotn\u00ed \u00farove\u0148 ostatn\u00edm spoluob\u010dan\u016fm. Nemalou a d\u016fle\u017eitou pr\u00e1ci odvedli n\u011bkte\u0159\u00ed \u010dlenov\u00e9 spolk\u016f.<\/p>\n\n\n\n<p>Mo\u017en\u00e1, \u017ee n\u011bkter\u00e9 osoby neuvedu. Nebude to z&nbsp;toho d\u016fvodu, \u017ee je nechci uv\u00e1d\u011bt, ale proto, \u017ee o nich nem\u00e1m informace. T\u00edm vznik\u00e1 prostor pro v\u00e1s, kte\u0159\u00ed budete m\u00edt z\u00e1jem p\u0159ipomenout osobnosti, kter\u00e9 by si to zaslou\u017eily. Pokud budete m\u00edt fotografie uv\u00e1d\u011bn\u00fdch osob, tak mi je tak\u00e9 m\u016f\u017eete zaslat.<\/p>\n\n\n\n<p>Napi\u0161te mi na oa.najman@seznam.cz<\/p>\n\n\n\n<p><\/p>\n","protected":false},"excerpt":{"rendered":"<p>Do historie obc\u00ed se zapsalo n\u011bkolik osobnost\u00ed. Jde o osobnosti v\u00fdznamn\u00e9 sv\u00fdm d\u00edlem \u010di kon\u00e1n\u00edm v&nbsp;obc\u00edch nebo za jejich hranicemi. N\u011bkter\u00e9 se v&nbsp;obc\u00edch narodily, zem\u0159ely, pob\u00fdvaly, p\u0159isp\u011bly k&nbsp;zveleben\u00ed obce nebo k&nbsp;rozvoji cel\u00e9 spole\u010dnosti. Na str\u00e1nk\u00e1ch nebudu osobnosti uv\u00e1d\u011bt podle v\u00fdznamnosti, to bych si ani nedovolil a nejsem schopen ani naj\u00edt pravidlo, podle kter\u00e9ho bych tak &hellip; <a href=\"https:\/\/www.bradlo.cz\/?page_id=1538\" class=\"more-link\">Pokra\u010dov\u00e1n\u00ed textu <span class=\"screen-reader-text\">Osobnosti Bradla a okoln\u00edch vesnic.<\/span><\/a><\/p>\n","protected":false},"author":2,"featured_media":0,"parent":0,"menu_order":0,"comment_status":"closed","ping_status":"closed","template":"","meta":{"footnotes":""},"class_list":["post-1538","page","type-page","status-publish","hentry"],"_links":{"self":[{"href":"https:\/\/www.bradlo.cz\/index.php?rest_route=\/wp\/v2\/pages\/1538","targetHints":{"allow":["GET"]}}],"collection":[{"href":"https:\/\/www.bradlo.cz\/index.php?rest_route=\/wp\/v2\/pages"}],"about":[{"href":"https:\/\/www.bradlo.cz\/index.php?rest_route=\/wp\/v2\/types\/page"}],"author":[{"embeddable":true,"href":"https:\/\/www.bradlo.cz\/index.php?rest_route=\/wp\/v2\/users\/2"}],"replies":[{"embeddable":true,"href":"https:\/\/www.bradlo.cz\/index.php?rest_route=%2Fwp%2Fv2%2Fcomments&post=1538"}],"version-history":[{"count":1,"href":"https:\/\/www.bradlo.cz\/index.php?rest_route=\/wp\/v2\/pages\/1538\/revisions"}],"predecessor-version":[{"id":1539,"href":"https:\/\/www.bradlo.cz\/index.php?rest_route=\/wp\/v2\/pages\/1538\/revisions\/1539"}],"wp:attachment":[{"href":"https:\/\/www.bradlo.cz\/index.php?rest_route=%2Fwp%2Fv2%2Fmedia&parent=1538"}],"curies":[{"name":"wp","href":"https:\/\/api.w.org\/{rel}","templated":true}]}}