{"id":1495,"date":"2023-10-01T19:06:46","date_gmt":"2023-10-01T17:06:46","guid":{"rendered":"https:\/\/www.bradlo.cz\/?page_id=1495"},"modified":"2023-10-01T19:06:46","modified_gmt":"2023-10-01T17:06:46","slug":"recepty","status":"publish","type":"page","link":"https:\/\/www.bradlo.cz\/?page_id=1495","title":{"rendered":"RECEPTY"},"content":{"rendered":"\n<p><strong>Na str\u00e1nce uv\u00e1d\u00edm recepty, kter\u00e9 sepsala moje maminka Anna a tch\u00fdn\u011b Helena.<\/strong><\/p>\n","protected":false},"excerpt":{"rendered":"<p>Na str\u00e1nce uv\u00e1d\u00edm recepty, kter\u00e9 sepsala moje maminka Anna a tch\u00fdn\u011b Helena.<\/p>\n","protected":false},"author":2,"featured_media":0,"parent":0,"menu_order":0,"comment_status":"closed","ping_status":"closed","template":"","meta":{"footnotes":""},"class_list":["post-1495","page","type-page","status-publish","hentry"],"_links":{"self":[{"href":"https:\/\/www.bradlo.cz\/index.php?rest_route=\/wp\/v2\/pages\/1495","targetHints":{"allow":["GET"]}}],"collection":[{"href":"https:\/\/www.bradlo.cz\/index.php?rest_route=\/wp\/v2\/pages"}],"about":[{"href":"https:\/\/www.bradlo.cz\/index.php?rest_route=\/wp\/v2\/types\/page"}],"author":[{"embeddable":true,"href":"https:\/\/www.bradlo.cz\/index.php?rest_route=\/wp\/v2\/users\/2"}],"replies":[{"embeddable":true,"href":"https:\/\/www.bradlo.cz\/index.php?rest_route=%2Fwp%2Fv2%2Fcomments&post=1495"}],"version-history":[{"count":3,"href":"https:\/\/www.bradlo.cz\/index.php?rest_route=\/wp\/v2\/pages\/1495\/revisions"}],"predecessor-version":[{"id":1499,"href":"https:\/\/www.bradlo.cz\/index.php?rest_route=\/wp\/v2\/pages\/1495\/revisions\/1499"}],"wp:attachment":[{"href":"https:\/\/www.bradlo.cz\/index.php?rest_route=%2Fwp%2Fv2%2Fmedia&parent=1495"}],"curies":[{"name":"wp","href":"https:\/\/api.w.org\/{rel}","templated":true}]}}