{"id":13,"date":"2017-08-12T21:28:00","date_gmt":"2017-08-12T19:28:00","guid":{"rendered":"http:\/\/192.168.6.8:8080\/?page_id=13"},"modified":"2018-01-20T14:25:25","modified_gmt":"2018-01-20T13:25:25","slug":"uvodni-stranka","status":"publish","type":"page","link":"https:\/\/www.bradlo.cz\/","title":{"rendered":"Bradlo a okol\u00ed"},"content":{"rendered":"<p style=\"text-align: justify;\"><a href=\"https:\/\/www.bradlo.cz\/wp-content\/uploads\/2018\/01\/SAM_2631.jpg\"><img loading=\"lazy\" decoding=\"async\" class=\"alignnone size-full wp-image-605\" src=\"https:\/\/www.bradlo.cz\/wp-content\/uploads\/2018\/01\/SAM_2631.jpg\" alt=\"sam_2631\" width=\"4015\" height=\"2644\" srcset=\"https:\/\/www.bradlo.cz\/wp-content\/uploads\/2018\/01\/SAM_2631.jpg 4015w, https:\/\/www.bradlo.cz\/wp-content\/uploads\/2018\/01\/SAM_2631-300x198.jpg 300w, https:\/\/www.bradlo.cz\/wp-content\/uploads\/2018\/01\/SAM_2631-2048x1349.jpg 2048w\" sizes=\"auto, (max-width: 4015px) 100vw, 4015px\" \/><\/a><\/p>\n<p style=\"text-align: justify;\">P\u0159\u00e1tel\u00e9, jsem velice r\u00e1d, \u017ee jste zav\u00edtali na tyto str\u00e1nky.<\/p>\n<p style=\"text-align: justify;\">Na webov\u00fdch str\u00e1nk\u00e1ch nejd\u0159\u00edve p\u0159edstav\u00edm svoji sb\u00edrku pohlednic Bradla a\u00a0pohlednic z jeho okoln\u00edch vesni\u010dek. U ka\u017ed\u00e9 z nich uv\u00e1d\u00edm jejich popis. Pou\u017e\u00edv\u00e1m n\u00e1zvy m\u00edst nebo jm\u00e9na majitel\u016f dom\u016f, kte\u0159\u00ed je vlastnili v\u00a0dob\u011b, kdy jsem v\u00a0Doln\u00edm Bradle \u017eil a jak si to pamatuji nebo jak mi to vypr\u00e1v\u011bli moji rodi\u010de nebo soused\u00e9. Mo\u017en\u00e1, \u017ee se p\u0159i popisov\u00e1n\u00ed dopust\u00edm n\u011bkter\u00fdch nep\u0159esnost\u00ed, kter\u00e9 se stanou p\u0159edm\u011btem diskuze. Pro p\u0159\u00edpadn\u00e9 va\u0161e n\u00e1zory a post\u0159ehy uv\u00e1d\u00edm sv\u016fj e-mail: <a href=\"mailto:oa.najman@seznam.cz\"><span style=\"text-decoration: underline;\">oa.najman@seznam.cz<\/span><\/a>.<\/p>\n<p style=\"text-align: justify;\">K\u00a0Doln\u00edmu Bradlu a k\u00a0Lipce m\u00e1m siln\u00fd vztah, nejen proto, \u017ee jsem tady pro\u017eil d\u011btstv\u00ed, ale tak\u00e9 proto, \u017ee se zaj\u00edm\u00e1m o jejich historii a historii sv\u00e9ho rodu. Jak jsem zjistil v\u00a0matrik\u00e1ch, tak moji dosud zjistiteln\u00ed p\u0159edkov\u00e9 jsou na Lipce zmi\u0148ov\u00e1ni nep\u0159etr\u017eit\u011b od roku 1766. M\u016fj otec se tak\u00e9 na Lipce narodil a pak do sv\u00e9 smrti \u017eil v\u00a0Doln\u00edm Bradle. A\u017e jeho synov\u00e9, pod vlivem r\u016fzn\u00fdch ud\u00e1lost\u00ed, tyto vesni\u010dky opustili.<\/p>\n<p style=\"text-align: justify;\">Vzhledem k\u00a0tomu, \u017ee jsem patriotem Doln\u00edho Bradla, budu se sna\u017eit jednotliv\u00e9 \u010d\u00e1sti Bradla odd\u011blovat podle toho, zda se popisovan\u00e1 \u010d\u00e1st nach\u00e1z\u00ed v\u00a0Horn\u00edm Bradle nebo v\u00a0Doln\u00edm Bradle.<\/p>\n<p style=\"text-align: justify;\">Je paradoxem, \u017ee obecn\u00ed \u00fa\u0159ad, kter\u00fd nese n\u00e1zev OBECN\u00cd \u00da\u0158AD\u00a0 HORN\u00cd\u00a0 BRADLO, m\u00e1 s\u00eddlo na \u00fazem\u00ed Doln\u00edho Bradla, stejn\u011b jako po\u0161ta a\u00a0jin\u00e9 subjekty. V\u00a0podstat\u011b by se m\u011blo ps\u00e1t, \u017ee Obecn\u00ed \u00fa\u0159ad Horn\u00ed Bradlo se s\u00eddlem v\u00a0Doln\u00edm Bradle je \u00fa\u0159adem pro m\u00edstn\u00ed \u010d\u00e1sti Doln\u00ed Bradlo, Horn\u00ed Bradlo, Javorn\u00e9, Lipka, Mal\u00e1 a Velk\u00e1 St\u0159\u00edte\u017e, Travn\u00e1 a Vr\u0161ov.<\/p>\n<p style=\"text-align: justify;\">V\u00a0jedn\u00e9 \u010d\u00e1sti o pohlednic\u00edch se zmi\u0148uji i o vydavatel\u00edch pohlednic a\u00a0fotografech. O\u00a0vydavatel\u00edch se mi poda\u0159ilo n\u011bjak\u00e9 informace z\u00edskat (budu je dopl\u0148ovat), ale s\u00a0fotografy je to problematick\u00e9. Budete-li m\u00edt o\u00a0nich n\u011bjak\u00e9 informace, tak mi je po\u0161lete.<\/p>\n<p style=\"text-align: justify;\">Napadlo mne tak\u00e9, \u017ee tyto str\u00e1nky by mohly o\u017eivit i fotografie a\u00a0bli\u017e\u0161\u00ed informace o\u00a0osob\u00e1ch, o\u00a0kter\u00fdch bude na t\u011bchto str\u00e1nk\u00e1ch pojedn\u00e1v\u00e1no. Jac\u00ed byli a\u00a0hlavn\u011b, jak vypadali. Bohu\u017eel, \u017e\u00e1dn\u00e9 jejich fotografie nem\u00e1m (p\u00e1ni Mare\u0161, Bukovsk\u00fd, Lukavsk\u00fd, Jablonsk\u00fd, Stehno, Burko\u0148 atd.). Pokud naleznete odvahu mi fotografii poslat na e-mail, tak budu r\u00e1d.<\/p>\n<p style=\"text-align: justify;\">Podle sv\u00fdch \u010dasov\u00fdch mo\u017enost\u00ed budu p\u0159id\u00e1vat dal\u0161\u00ed okruhy t\u00fdkaj\u00edc\u00ed se Bradla a\u00a0okol\u00ed.<\/p>\n<p style=\"text-align: justify;\">Pokud v\u00e1s tyto str\u00e1nky pot\u011b\u0161\u00ed a\u00a0vyvolaj\u00ed p\u0159\u00edjemn\u00e9 vzpom\u00ednky na ud\u00e1losti nebo m\u00edsta, nejenom u\u00a0t\u011bch, kte\u0159\u00ed v\u00a0Bradle a\u00a0v\u00a0jeho okol\u00ed \u017eijete nebo u\u00a0t\u011bch, kte\u0159\u00ed se odst\u011bhovali, budu tomu r\u00e1d.<\/p>\n<p style=\"text-align: justify;\">Tolik moje \u00fatr\u017ekovit\u00e9 \u00favahy.<\/p>\n<p style=\"text-align: justify;\">T\u011b\u0161\u00edm se na Va\u0161e n\u00e1zory.<\/p>\n<p style=\"text-align: justify;\">Pavel Najman<\/p>\n","protected":false},"excerpt":{"rendered":"<p>P\u0159\u00e1tel\u00e9, jsem velice r\u00e1d, \u017ee jste zav\u00edtali na tyto str\u00e1nky. Na webov\u00fdch str\u00e1nk\u00e1ch nejd\u0159\u00edve p\u0159edstav\u00edm svoji sb\u00edrku pohlednic Bradla a\u00a0pohlednic z jeho okoln\u00edch vesni\u010dek. U ka\u017ed\u00e9 z nich uv\u00e1d\u00edm jejich popis. Pou\u017e\u00edv\u00e1m n\u00e1zvy m\u00edst nebo jm\u00e9na majitel\u016f dom\u016f, kte\u0159\u00ed je vlastnili v\u00a0dob\u011b, kdy jsem v\u00a0Doln\u00edm Bradle \u017eil a jak si to pamatuji nebo jak mi &hellip; <a href=\"https:\/\/www.bradlo.cz\/\" class=\"more-link\">Pokra\u010dov\u00e1n\u00ed textu <span class=\"screen-reader-text\">Bradlo a okol\u00ed<\/span><\/a><\/p>\n","protected":false},"author":1,"featured_media":0,"parent":0,"menu_order":0,"comment_status":"closed","ping_status":"closed","template":"","meta":{"footnotes":""},"class_list":["post-13","page","type-page","status-publish","hentry"],"_links":{"self":[{"href":"https:\/\/www.bradlo.cz\/index.php?rest_route=\/wp\/v2\/pages\/13","targetHints":{"allow":["GET"]}}],"collection":[{"href":"https:\/\/www.bradlo.cz\/index.php?rest_route=\/wp\/v2\/pages"}],"about":[{"href":"https:\/\/www.bradlo.cz\/index.php?rest_route=\/wp\/v2\/types\/page"}],"author":[{"embeddable":true,"href":"https:\/\/www.bradlo.cz\/index.php?rest_route=\/wp\/v2\/users\/1"}],"replies":[{"embeddable":true,"href":"https:\/\/www.bradlo.cz\/index.php?rest_route=%2Fwp%2Fv2%2Fcomments&post=13"}],"version-history":[{"count":10,"href":"https:\/\/www.bradlo.cz\/index.php?rest_route=\/wp\/v2\/pages\/13\/revisions"}],"predecessor-version":[{"id":609,"href":"https:\/\/www.bradlo.cz\/index.php?rest_route=\/wp\/v2\/pages\/13\/revisions\/609"}],"wp:attachment":[{"href":"https:\/\/www.bradlo.cz\/index.php?rest_route=%2Fwp%2Fv2%2Fmedia&parent=13"}],"curies":[{"name":"wp","href":"https:\/\/api.w.org\/{rel}","templated":true}]}}