{"id":1252,"date":"2023-04-23T10:21:32","date_gmt":"2023-04-23T08:21:32","guid":{"rendered":"https:\/\/www.bradlo.cz\/?page_id=1252"},"modified":"2023-04-24T14:41:40","modified_gmt":"2023-04-24T12:41:40","slug":"nazev-bradlo","status":"publish","type":"page","link":"https:\/\/www.bradlo.cz\/?page_id=1252","title":{"rendered":"Vesnice Bradlo."},"content":{"rendered":"<p style=\"text-align: justify;\"><span style=\"color: #000000;\">\u00a0 \u00a0 \u00a0 \u00a0 \u00a0N\u00e1zev vesnice Bradla je v\u0161eobecn\u011b odvozov\u00e1n od skalnat\u00e9ho <\/span><span style=\"color: #000000;\">\u00fatvaru naz\u00fdvan\u00e9ho bradlo, kter\u00fd se postavil do cesty prot\u00e9kaj\u00edc\u00ed Chrudimce. Poloha doln\u00edho bradla nach\u00e1zej\u00edc\u00edho se sm\u011brem k Pasek\u00e1m na prav\u00e9 stran\u011b b\u0159ehu \u0159eky je zn\u00e1ma. O poloze horn\u00edho skalnat\u00e9ho \u00fatvaru se lze jenom domn\u00edvat. Z krajiny kolem \u0159eky nic nenasv\u011bd\u010duje tomu, \u017ee by na lev\u00e9 stran\u011b toku \u0159eky n\u011bjak\u00fd skaln\u00ed \u00fatvar byl nebo, \u017ee by takov\u00fd skalnat\u00fd \u00fatvar \u0159eka obt\u00e9kala z lev\u00e9 strany na horn\u00edm toku \u0159eky, na za\u010d\u00e1tku nebo uprost\u0159ed podle sou\u010dasn\u00e9ho rozlo\u017een\u00ed obce.<\/span><\/p>\n<p><img loading=\"lazy\" decoding=\"async\" class=\"wp-image-1264\" src=\"https:\/\/www.bradlo.cz\/wp-content\/uploads\/2023\/04\/IMG_48831-scaled.jpg\" alt=\"\" width=\"682\" height=\"510\" srcset=\"https:\/\/www.bradlo.cz\/wp-content\/uploads\/2023\/04\/IMG_48831-scaled.jpg 2560w, https:\/\/www.bradlo.cz\/wp-content\/uploads\/2023\/04\/IMG_48831-300x224.jpg 300w, https:\/\/www.bradlo.cz\/wp-content\/uploads\/2023\/04\/IMG_48831-2048x1530.jpg 2048w, https:\/\/www.bradlo.cz\/wp-content\/uploads\/2023\/04\/IMG_48831-768x574.jpg 768w, https:\/\/www.bradlo.cz\/wp-content\/uploads\/2023\/04\/IMG_48831-1536x1147.jpg 1536w\" sizes=\"auto, (max-width: 682px) 100vw, 682px\" \/><\/p>\n<figure id=\"attachment_1263\" aria-describedby=\"caption-attachment-1263\" style=\"width: 681px\" class=\"wp-caption alignleft\"><img loading=\"lazy\" decoding=\"async\" class=\"wp-image-1263\" src=\"https:\/\/www.bradlo.cz\/wp-content\/uploads\/2023\/04\/IMG_48851-scaled.jpg\" alt=\"\" width=\"681\" height=\"509\" srcset=\"https:\/\/www.bradlo.cz\/wp-content\/uploads\/2023\/04\/IMG_48851-scaled.jpg 2560w, https:\/\/www.bradlo.cz\/wp-content\/uploads\/2023\/04\/IMG_48851-300x224.jpg 300w, https:\/\/www.bradlo.cz\/wp-content\/uploads\/2023\/04\/IMG_48851-2048x1530.jpg 2048w, https:\/\/www.bradlo.cz\/wp-content\/uploads\/2023\/04\/IMG_48851-768x574.jpg 768w, https:\/\/www.bradlo.cz\/wp-content\/uploads\/2023\/04\/IMG_48851-1536x1147.jpg 1536w\" sizes=\"auto, (max-width: 681px) 100vw, 681px\" \/><figcaption id=\"caption-attachment-1263\" class=\"wp-caption-text\"><strong><span style=\"color: #000000;\">Skaln\u00ed \u00fatvary v Doln\u00edm Bradle, 19. 3. 2022.<\/span><\/strong><\/figcaption><\/figure>\n<figure id=\"attachment_1265\" aria-describedby=\"caption-attachment-1265\" style=\"width: 682px\" class=\"wp-caption aligncenter\"><img loading=\"lazy\" decoding=\"async\" class=\"wp-image-1265\" src=\"https:\/\/www.bradlo.cz\/wp-content\/uploads\/2023\/04\/IMG_48931-scaled.jpg\" alt=\"\" width=\"682\" height=\"509\" srcset=\"https:\/\/www.bradlo.cz\/wp-content\/uploads\/2023\/04\/IMG_48931-scaled.jpg 2560w, https:\/\/www.bradlo.cz\/wp-content\/uploads\/2023\/04\/IMG_48931-300x224.jpg 300w, https:\/\/www.bradlo.cz\/wp-content\/uploads\/2023\/04\/IMG_48931-2048x1530.jpg 2048w, https:\/\/www.bradlo.cz\/wp-content\/uploads\/2023\/04\/IMG_48931-768x574.jpg 768w, https:\/\/www.bradlo.cz\/wp-content\/uploads\/2023\/04\/IMG_48931-1536x1147.jpg 1536w\" sizes=\"auto, (max-width: 682px) 100vw, 682px\" \/><figcaption id=\"caption-attachment-1265\" class=\"wp-caption-text\"><strong><span style=\"color: #000000;\">Zmrzl\u00e1 vyt\u00e9kaj\u00edc\u00ed m\u00edza z u\u0159\u00edznut\u00e9 b\u0159\u00edzy u sk\u00e1ly.<\/span><\/strong><\/figcaption><\/figure>\n<figure id=\"attachment_1266\" aria-describedby=\"caption-attachment-1266\" style=\"width: 681px\" class=\"wp-caption aligncenter\"><img loading=\"lazy\" decoding=\"async\" class=\"wp-image-1266\" src=\"https:\/\/www.bradlo.cz\/wp-content\/uploads\/2023\/04\/IMG_48911-scaled.jpg\" alt=\"\" width=\"681\" height=\"508\" srcset=\"https:\/\/www.bradlo.cz\/wp-content\/uploads\/2023\/04\/IMG_48911-scaled.jpg 2560w, https:\/\/www.bradlo.cz\/wp-content\/uploads\/2023\/04\/IMG_48911-300x224.jpg 300w, https:\/\/www.bradlo.cz\/wp-content\/uploads\/2023\/04\/IMG_48911-2048x1530.jpg 2048w, https:\/\/www.bradlo.cz\/wp-content\/uploads\/2023\/04\/IMG_48911-768x574.jpg 768w, https:\/\/www.bradlo.cz\/wp-content\/uploads\/2023\/04\/IMG_48911-1536x1147.jpg 1536w\" sizes=\"auto, (max-width: 681px) 100vw, 681px\" \/><figcaption id=\"caption-attachment-1266\" class=\"wp-caption-text\"><strong><span style=\"color: #000000;\">Pla\u010d\u00edc\u00ed sk\u00e1la, u\u0159\u00edznut\u00fd strom rostouc\u00ed na sk\u00e1le.<\/span><\/strong><\/figcaption><\/figure>\n<p style=\"text-align: justify;\"><span style=\"color: #000000;\">N\u00e1zev vesnice by mohl b\u00fdt odvozen i od brod\u016f p\u0159es \u0159eku, kter\u00e9 se nach\u00e1zely na horn\u00edm a doln\u00edm toku Chrudimky, jako horn\u00ed brodlo a doln\u00ed brodlo, a jsou i v sou\u010dasn\u00e9 dob\u011b znateln\u00e9. Na horn\u00edm toku \u0159eky v\u00edce ne\u017e na doln\u00edm toku \u0159eky. Horn\u00ed brod vstupuje do \u0159eky v Horn\u00edm Bradle u b\u00fdval\u00e9ho ml\u00fdna \u010d\u00edsla popisn\u00e9ho 6 a vystupuje u ji\u017e neexistuj\u00edc\u00edho hotelu Mare\u0161. Je to hluboce vyje\u017ed\u011bn\u00fd brod. Doln\u00ed brod vstupuje do \u0159eky p\u0159ed mohutn\u00fdm topolem za posledn\u00edm domem v Doln\u00edm Bradle a v\u00fdjezd ze \u0159eky byl na louku sm\u011brem k centr\u00e1le. Vjezd do doln\u00edho brodu p\u0159es \u0159eku byl tak\u00e9 hluboce vyje\u017ed\u011bn\u00fd, ale postupem \u010dasu se zav\u00e1\u017eel popelem z kotle na topen\u00ed z tov\u00e1rny v\u00e1no\u010dn\u00edch ozdob a r\u016fznou sut\u00ed.\u00a0 \u00a0 \u00a0 \u00a0 \u00a0 \u00a0 \u00a0 \u00a0 <\/span><span style=\"color: #000000;\">V sou\u010dasn\u00e9 dob\u011b je m\u00e9n\u011b patrn\u00fd ne\u017e brod v Horn\u00edm Bradle.<\/span><\/p>\n<p><span style=\"color: #000000;\">Horn\u00ed brodlo (brod) je pravd\u011bpodobn\u011b star\u0161\u00ed, proto\u017ee se v prvn\u00ed zm\u00ednce mluv\u00ed pouze o Bradlu a teprve v roce 1542 je uv\u00e1d\u011bna ves Bradlo dolnij.<\/span><\/p>\n<p><strong><span style=\"color: #000000;\">Horn\u00ed brod, 2. 4. 2023:<\/span><\/strong><\/p>\n<p><img loading=\"lazy\" decoding=\"async\" class=\"alignleft wp-image-1269\" src=\"https:\/\/www.bradlo.cz\/wp-content\/uploads\/2023\/04\/20230402_1424561-scaled.jpg\" alt=\"\" width=\"686\" height=\"333\" srcset=\"https:\/\/www.bradlo.cz\/wp-content\/uploads\/2023\/04\/20230402_1424561-scaled.jpg 2560w, https:\/\/www.bradlo.cz\/wp-content\/uploads\/2023\/04\/20230402_1424561-300x146.jpg 300w, https:\/\/www.bradlo.cz\/wp-content\/uploads\/2023\/04\/20230402_1424561-2048x996.jpg 2048w, https:\/\/www.bradlo.cz\/wp-content\/uploads\/2023\/04\/20230402_1424561-768x373.jpg 768w, https:\/\/www.bradlo.cz\/wp-content\/uploads\/2023\/04\/20230402_1424561-1536x747.jpg 1536w\" sizes=\"auto, (max-width: 686px) 100vw, 686px\" \/><\/p>\n<p><img loading=\"lazy\" decoding=\"async\" class=\"alignnone wp-image-1270 size-full\" src=\"https:\/\/www.bradlo.cz\/wp-content\/uploads\/2023\/04\/IMG_68811-scaled.jpg\" alt=\"\" width=\"2560\" height=\"1912\" srcset=\"https:\/\/www.bradlo.cz\/wp-content\/uploads\/2023\/04\/IMG_68811-scaled.jpg 2560w, https:\/\/www.bradlo.cz\/wp-content\/uploads\/2023\/04\/IMG_68811-300x224.jpg 300w, https:\/\/www.bradlo.cz\/wp-content\/uploads\/2023\/04\/IMG_68811-2048x1530.jpg 2048w, https:\/\/www.bradlo.cz\/wp-content\/uploads\/2023\/04\/IMG_68811-768x574.jpg 768w, https:\/\/www.bradlo.cz\/wp-content\/uploads\/2023\/04\/IMG_68811-1536x1147.jpg 1536w\" sizes=\"auto, (max-width: 2560px) 100vw, 2560px\" \/><\/p>\n<figure id=\"attachment_1299\" aria-describedby=\"caption-attachment-1299\" style=\"width: 1062px\" class=\"wp-caption alignnone\"><img loading=\"lazy\" decoding=\"async\" class=\"size-full wp-image-1299\" src=\"https:\/\/www.bradlo.cz\/wp-content\/uploads\/2023\/04\/Horni-brod-1.png\" alt=\"\" width=\"1062\" height=\"715\" srcset=\"https:\/\/www.bradlo.cz\/wp-content\/uploads\/2023\/04\/Horni-brod-1.png 1062w, https:\/\/www.bradlo.cz\/wp-content\/uploads\/2023\/04\/Horni-brod-1-300x202.png 300w, https:\/\/www.bradlo.cz\/wp-content\/uploads\/2023\/04\/Horni-brod-1-768x517.png 768w\" sizes=\"auto, (max-width: 1062px) 100vw, 1062px\" \/><figcaption id=\"caption-attachment-1299\" class=\"wp-caption-text\"><strong><span style=\"color: #000000;\">Mapa z roku 1839.<\/span><\/strong><\/figcaption><\/figure>\n<p style=\"text-align: justify;\"><strong><span style=\"color: #000000;\">Doln\u00ed br<\/span><span style=\"color: #000000; font-size: revert;\">od, 2. 4. 2023:<\/span><\/strong><\/p>\n<p><img loading=\"lazy\" decoding=\"async\" class=\"alignnone size-full wp-image-1271\" src=\"https:\/\/www.bradlo.cz\/wp-content\/uploads\/2023\/04\/IMG_68621-scaled.jpg\" alt=\"\" width=\"2560\" height=\"1912\" srcset=\"https:\/\/www.bradlo.cz\/wp-content\/uploads\/2023\/04\/IMG_68621-scaled.jpg 2560w, https:\/\/www.bradlo.cz\/wp-content\/uploads\/2023\/04\/IMG_68621-300x224.jpg 300w, https:\/\/www.bradlo.cz\/wp-content\/uploads\/2023\/04\/IMG_68621-2048x1530.jpg 2048w, https:\/\/www.bradlo.cz\/wp-content\/uploads\/2023\/04\/IMG_68621-768x574.jpg 768w, https:\/\/www.bradlo.cz\/wp-content\/uploads\/2023\/04\/IMG_68621-1536x1147.jpg 1536w\" sizes=\"auto, (max-width: 2560px) 100vw, 2560px\" \/><\/p>\n<p><img loading=\"lazy\" decoding=\"async\" class=\"alignnone size-full wp-image-1272\" src=\"https:\/\/www.bradlo.cz\/wp-content\/uploads\/2023\/04\/IMG_68661-scaled.jpg\" alt=\"\" width=\"2560\" height=\"1912\" srcset=\"https:\/\/www.bradlo.cz\/wp-content\/uploads\/2023\/04\/IMG_68661-scaled.jpg 2560w, https:\/\/www.bradlo.cz\/wp-content\/uploads\/2023\/04\/IMG_68661-300x224.jpg 300w, https:\/\/www.bradlo.cz\/wp-content\/uploads\/2023\/04\/IMG_68661-2048x1530.jpg 2048w, https:\/\/www.bradlo.cz\/wp-content\/uploads\/2023\/04\/IMG_68661-768x574.jpg 768w, https:\/\/www.bradlo.cz\/wp-content\/uploads\/2023\/04\/IMG_68661-1536x1147.jpg 1536w\" sizes=\"auto, (max-width: 2560px) 100vw, 2560px\" \/><\/p>\n<figure id=\"attachment_1300\" aria-describedby=\"caption-attachment-1300\" style=\"width: 807px\" class=\"wp-caption alignnone\"><img loading=\"lazy\" decoding=\"async\" class=\"size-full wp-image-1300\" src=\"https:\/\/www.bradlo.cz\/wp-content\/uploads\/2023\/04\/Dolni-brod.png\" alt=\"\" width=\"807\" height=\"532\" srcset=\"https:\/\/www.bradlo.cz\/wp-content\/uploads\/2023\/04\/Dolni-brod.png 807w, https:\/\/www.bradlo.cz\/wp-content\/uploads\/2023\/04\/Dolni-brod-300x198.png 300w, https:\/\/www.bradlo.cz\/wp-content\/uploads\/2023\/04\/Dolni-brod-768x506.png 768w\" sizes=\"auto, (max-width: 807px) 100vw, 807px\" \/><figcaption id=\"caption-attachment-1300\" class=\"wp-caption-text\"><strong><span style=\"color: #000000;\">Mapa z roku 1839.<\/span><\/strong><\/figcaption><\/figure>\n<p style=\"text-align: justify;\"><span style=\"color: #000000;\">Pro\u010d by tomu tak nemohlo b\u00fdt? Horn\u00ed brod, horn\u00ed brodlo, Horn\u00ed Bradlo. Doln\u00ed brod, doln\u00ed brodlo, Doln\u00ed Bradlo.<\/span><\/p>\n<p>Zdroj map: https:\/\/ags.cuzk.cz\/archiv\/<\/p>\n","protected":false},"excerpt":{"rendered":"<p>\u00a0 \u00a0 \u00a0 \u00a0 \u00a0N\u00e1zev vesnice Bradla je v\u0161eobecn\u011b odvozov\u00e1n od skalnat\u00e9ho \u00fatvaru naz\u00fdvan\u00e9ho bradlo, kter\u00fd se postavil do cesty prot\u00e9kaj\u00edc\u00ed Chrudimce. Poloha doln\u00edho bradla nach\u00e1zej\u00edc\u00edho se sm\u011brem k Pasek\u00e1m na prav\u00e9 stran\u011b b\u0159ehu \u0159eky je zn\u00e1ma. O poloze horn\u00edho skalnat\u00e9ho \u00fatvaru se lze jenom domn\u00edvat. Z krajiny kolem \u0159eky nic nenasv\u011bd\u010duje tomu, \u017ee by &hellip; <a href=\"https:\/\/www.bradlo.cz\/?page_id=1252\" class=\"more-link\">Pokra\u010dov\u00e1n\u00ed textu <span class=\"screen-reader-text\">Vesnice Bradlo.<\/span><\/a><\/p>\n","protected":false},"author":2,"featured_media":0,"parent":0,"menu_order":0,"comment_status":"closed","ping_status":"closed","template":"","meta":{"footnotes":""},"class_list":["post-1252","page","type-page","status-publish","hentry"],"_links":{"self":[{"href":"https:\/\/www.bradlo.cz\/index.php?rest_route=\/wp\/v2\/pages\/1252","targetHints":{"allow":["GET"]}}],"collection":[{"href":"https:\/\/www.bradlo.cz\/index.php?rest_route=\/wp\/v2\/pages"}],"about":[{"href":"https:\/\/www.bradlo.cz\/index.php?rest_route=\/wp\/v2\/types\/page"}],"author":[{"embeddable":true,"href":"https:\/\/www.bradlo.cz\/index.php?rest_route=\/wp\/v2\/users\/2"}],"replies":[{"embeddable":true,"href":"https:\/\/www.bradlo.cz\/index.php?rest_route=%2Fwp%2Fv2%2Fcomments&post=1252"}],"version-history":[{"count":31,"href":"https:\/\/www.bradlo.cz\/index.php?rest_route=\/wp\/v2\/pages\/1252\/revisions"}],"predecessor-version":[{"id":1304,"href":"https:\/\/www.bradlo.cz\/index.php?rest_route=\/wp\/v2\/pages\/1252\/revisions\/1304"}],"wp:attachment":[{"href":"https:\/\/www.bradlo.cz\/index.php?rest_route=%2Fwp%2Fv2%2Fmedia&parent=1252"}],"curies":[{"name":"wp","href":"https:\/\/api.w.org\/{rel}","templated":true}]}}