{"id":1164,"date":"2023-01-31T15:28:12","date_gmt":"2023-01-31T14:28:12","guid":{"rendered":"http:\/\/www.bradlo.cz\/?page_id=1164"},"modified":"2024-10-09T11:29:49","modified_gmt":"2024-10-09T09:29:49","slug":"aktualizace","status":"publish","type":"page","link":"https:\/\/www.bradlo.cz\/?page_id=1164","title":{"rendered":"AKTUALIZACE"},"content":{"rendered":"<p style=\"text-align: justify;\">Zde budu uv\u00e1d\u011bt aktualizace webov\u00fdch str\u00e1nek v \u010dasov\u00e9m sledu (nejnov\u011bj\u0161\u00ed):<\/p>\n<p>10) <strong>9. 10. 2024<\/strong> &#8211; p\u0159id\u00e1na dal\u0161\u00ed str\u00e1nka <strong>Osobnosti obce<\/strong>.<br \/>\n9) <strong>28. 8. 2023<\/strong> &#8211; pion\u00fdrsk\u00e9 t\u00e1bory &#8211; pohlednice, Tesla &#8211; pohlednice a p\u0159\u00edv\u011bsek, Vla\u0161tovka, pohlednice hotelu Jablonsk\u00fd, pohlednice hotelu Vr\u0161ov, fotografie pomn\u00edku, pohlednice a fotografie Bradla od Lipky,.<br \/>\n<em>8)<\/em> \u00a0<strong>2. 5. 2023<\/strong> &#8211; str\u00e1nka <strong>Hotel Mare\u0161<\/strong> &#8211; dopln\u011bn\u00ed informac\u00ed od pana Jaroslava Ryse &#8211;\u00a0 kram\u00e1\u0159sk\u00e1 \u017eivnost a pracovn\u00ed kn\u00ed\u017eka Franti\u0161ka Mare\u0161e, informace o pan\u00ed Marii \u0160im\u00e1\u010dkov\u00e9 a v z\u00e1v\u011bru moje fotografie a Zby\u0148ka\u00a0 Fenyka &#8211; likvidace hotelu,<br \/>\n<em>7)<\/em> \u00a0<strong>23. 4. 2023<\/strong> &#8211; nov\u00e1 str\u00e1nka &#8211; <strong>Vesnice Bradlo<\/strong>,<br \/>\n<em>6)<\/em> \u00a0<strong>23. 3. 2023<\/strong> &#8211; str\u00e1nka <strong>Pion\u00fdrsk\u00e9 t\u00e1bory &#8211; Vla\u0161tovka Transporta Chrudim<\/strong> &#8211; dopln\u011bn\u00ed fotografi\u00ed z \u0159\u00edjna 2021 od Zby\u0148ka Fenyka, likvidace t\u00e1bora,<br \/>\n<em>5)\u00a0<\/em> <strong>22. 3. 2023<\/strong> &#8211; str\u00e1nka <strong>Pion\u00fdrsk\u00e9 t\u00e1bory &#8211; TOS Vrchlab\u00ed<\/strong> &#8211; dopln\u011bn\u00ed o text a fotografie od pan\u00ed V. Olehlov\u00e9 a moje fotografie ze srpna 2022,<br \/>\n<em>4)<\/em> \u00a0<strong>3. 2. 202<\/strong>3 &#8211; str\u00e1nka <strong>Padl\u00fdm brat\u0159\u00edm<\/strong> &#8211; uve\u0159ejn\u011bn odkaz na diplomovou pr\u00e1ci Radka Tlap\u00e1ka, dopln\u011bn text k Rudolfu Kul\u00edkovi a vystavena jeho fotografie,<br \/>\n<em>3)<\/em> \u00a0<strong>31. 1. 2023<\/strong> &#8211; str\u00e1nka <strong>Doln\u00ed pila &#8211; doln\u00ed jez<\/strong> &#8211; uve\u0159ejn\u011bn\u00ed fotografie Bohumila B\u00edla,<br \/>\n<i>2) <\/i>\u00a0<strong>31. 1. 2023<\/strong> &#8211; vytvo\u0159en\u00ed str\u00e1nky <strong>M\u016eJ RODOKMEN<\/strong>,<br \/>\n<em>1)<\/em> \u00a0<strong>31. 1. 2023<\/strong> &#8211; vytvo\u0159en\u00ed str\u00e1nky <strong>AKTUALIZACE<\/strong>,<\/p>\n","protected":false},"excerpt":{"rendered":"<p>Zde budu uv\u00e1d\u011bt aktualizace webov\u00fdch str\u00e1nek v \u010dasov\u00e9m sledu (nejnov\u011bj\u0161\u00ed): 10) 9. 10. 2024 &#8211; p\u0159id\u00e1na dal\u0161\u00ed str\u00e1nka Osobnosti obce. 9) 28. 8. 2023 &#8211; pion\u00fdrsk\u00e9 t\u00e1bory &#8211; pohlednice, Tesla &#8211; pohlednice a p\u0159\u00edv\u011bsek, Vla\u0161tovka, pohlednice hotelu Jablonsk\u00fd, pohlednice hotelu Vr\u0161ov, fotografie pomn\u00edku, pohlednice a fotografie Bradla od Lipky,. 8) \u00a02. 5. 2023 &#8211; str\u00e1nka &hellip; <a href=\"https:\/\/www.bradlo.cz\/?page_id=1164\" class=\"more-link\">Pokra\u010dov\u00e1n\u00ed textu <span class=\"screen-reader-text\">AKTUALIZACE<\/span><\/a><\/p>\n","protected":false},"author":2,"featured_media":0,"parent":0,"menu_order":0,"comment_status":"closed","ping_status":"closed","template":"","meta":{"footnotes":""},"class_list":["post-1164","page","type-page","status-publish","hentry"],"_links":{"self":[{"href":"https:\/\/www.bradlo.cz\/index.php?rest_route=\/wp\/v2\/pages\/1164","targetHints":{"allow":["GET"]}}],"collection":[{"href":"https:\/\/www.bradlo.cz\/index.php?rest_route=\/wp\/v2\/pages"}],"about":[{"href":"https:\/\/www.bradlo.cz\/index.php?rest_route=\/wp\/v2\/types\/page"}],"author":[{"embeddable":true,"href":"https:\/\/www.bradlo.cz\/index.php?rest_route=\/wp\/v2\/users\/2"}],"replies":[{"embeddable":true,"href":"https:\/\/www.bradlo.cz\/index.php?rest_route=%2Fwp%2Fv2%2Fcomments&post=1164"}],"version-history":[{"count":25,"href":"https:\/\/www.bradlo.cz\/index.php?rest_route=\/wp\/v2\/pages\/1164\/revisions"}],"predecessor-version":[{"id":1557,"href":"https:\/\/www.bradlo.cz\/index.php?rest_route=\/wp\/v2\/pages\/1164\/revisions\/1557"}],"wp:attachment":[{"href":"https:\/\/www.bradlo.cz\/index.php?rest_route=%2Fwp%2Fv2%2Fmedia&parent=1164"}],"curies":[{"name":"wp","href":"https:\/\/api.w.org\/{rel}","templated":true}]}}