{"id":10,"date":"2017-08-12T21:25:59","date_gmt":"2017-08-12T19:25:59","guid":{"rendered":"http:\/\/192.168.6.8:8080\/?page_id=10"},"modified":"2023-02-03T09:54:14","modified_gmt":"2023-02-03T08:54:14","slug":"o-autorovi","status":"publish","type":"page","link":"https:\/\/www.bradlo.cz\/?page_id=10","title":{"rendered":"O autorovi"},"content":{"rendered":"<p>P\u0159\u00e1tel\u00e9 Bradla,<\/p>\n<p>jmenuji se Pavel Najman. V Doln\u00edm Bradle jsem pro\u017eil d\u011btstv\u00ed. Pokud m\u00e1m mo\u017enost a p\u0159\u00edle\u017eitost, tak se sem st\u00e1le vrac\u00edm. V sou\u010dasn\u00e9 dob\u011b bydl\u00edm ve vesni\u010dce bl\u00edzko Opavy.<\/p>\n<p>R\u00e1d zpracov\u00e1v\u00e1m materi\u00e1ly o Bradle a okoln\u00edch vesnic.<\/p>\n<p>Budete-li m\u00edt n\u011bjak\u00e9 informace nebo materi\u00e1ly\u00a0t\u00fdkaj\u00edc\u00ed se t\u011bchto oblast\u00ed, tak mi je pros\u00edm za\u0161lete nebo mne kontaktujte a domluv\u00edme se na ofocen\u00ed.<\/p>\n<p>V\u011b\u0159\u00edm, \u017ee je mezi v\u00e1mi\u00a0hodn\u011b pam\u011btn\u00edk\u016f, kte\u0159\u00ed o \u010d\u00e1stech Bradla nebo okoln\u00edch vesnic mohou \u0159\u00edci v\u00edce ne\u017e j\u00e1.<\/p>\n<p>Nev\u00e1hejte a napi\u0161te mi. Pod\u011blte se o vzpom\u00ednky s\u00a0ostatn\u00edmi.<\/p>\n<p>Pavel Najman, e-mail: oa.najman@seznam.cz<\/p>\n","protected":false},"excerpt":{"rendered":"<p>P\u0159\u00e1tel\u00e9 Bradla, jmenuji se Pavel Najman. V Doln\u00edm Bradle jsem pro\u017eil d\u011btstv\u00ed. Pokud m\u00e1m mo\u017enost a p\u0159\u00edle\u017eitost, tak se sem st\u00e1le vrac\u00edm. V sou\u010dasn\u00e9 dob\u011b bydl\u00edm ve vesni\u010dce bl\u00edzko Opavy. R\u00e1d zpracov\u00e1v\u00e1m materi\u00e1ly o Bradle a okoln\u00edch vesnic. Budete-li m\u00edt n\u011bjak\u00e9 informace nebo materi\u00e1ly\u00a0t\u00fdkaj\u00edc\u00ed se t\u011bchto oblast\u00ed, tak mi je pros\u00edm za\u0161lete nebo mne kontaktujte &hellip; <a href=\"https:\/\/www.bradlo.cz\/?page_id=10\" class=\"more-link\">Pokra\u010dov\u00e1n\u00ed textu <span class=\"screen-reader-text\">O autorovi<\/span><\/a><\/p>\n","protected":false},"author":1,"featured_media":0,"parent":0,"menu_order":0,"comment_status":"closed","ping_status":"closed","template":"","meta":{"footnotes":""},"class_list":["post-10","page","type-page","status-publish","hentry"],"_links":{"self":[{"href":"https:\/\/www.bradlo.cz\/index.php?rest_route=\/wp\/v2\/pages\/10","targetHints":{"allow":["GET"]}}],"collection":[{"href":"https:\/\/www.bradlo.cz\/index.php?rest_route=\/wp\/v2\/pages"}],"about":[{"href":"https:\/\/www.bradlo.cz\/index.php?rest_route=\/wp\/v2\/types\/page"}],"author":[{"embeddable":true,"href":"https:\/\/www.bradlo.cz\/index.php?rest_route=\/wp\/v2\/users\/1"}],"replies":[{"embeddable":true,"href":"https:\/\/www.bradlo.cz\/index.php?rest_route=%2Fwp%2Fv2%2Fcomments&post=10"}],"version-history":[{"count":10,"href":"https:\/\/www.bradlo.cz\/index.php?rest_route=\/wp\/v2\/pages\/10\/revisions"}],"predecessor-version":[{"id":1192,"href":"https:\/\/www.bradlo.cz\/index.php?rest_route=\/wp\/v2\/pages\/10\/revisions\/1192"}],"wp:attachment":[{"href":"https:\/\/www.bradlo.cz\/index.php?rest_route=%2Fwp%2Fv2%2Fmedia&parent=10"}],"curies":[{"name":"wp","href":"https:\/\/api.w.org\/{rel}","templated":true}]}}